{"id":24,"date":"2018-01-23T12:09:20","date_gmt":"2018-01-23T12:09:20","guid":{"rendered":"http:\/\/www.intraders.org\/icse\/?page_id=24"},"modified":"2023-06-30T10:17:00","modified_gmt":"2023-06-30T08:17:00","slug":"organizing-committee","status":"publish","type":"page","link":"https:\/\/www.intraders.org\/icse\/?page_id=24","title":{"rendered":"Organizing Committee"},"content":{"rendered":"\n<p><strong>Organizing Committee<\/strong><\/p>\n\n\n<figure class=\"wp-block-table\">\n<table>\n<tbody>\n<tr>\n<td>Vice Rector, Mevludin Ibish<\/td>\n<td><a href=\"https:\/\/ibu.edu.mk\/en\/\">International Balkan University<\/a><\/td>\n<td><a href=\"https:\/\/tourismmacedonia.gov.mk\/?lang=en\">N. Macedonia<\/a><\/td>\n<\/tr>\n<tr>\n<td>Vice Rector, U. Serdar Serdaro\u011flu<\/td>\n<td><a href=\"https:\/\/ibu.edu.mk\/en\/\">International Balkan University<\/a><\/td>\n<td><a href=\"https:\/\/tourismmacedonia.gov.mk\/?lang=en\">N. Macedonia<\/a><\/td>\n<\/tr>\n<tr>\n<td><a href=\"https:\/\/dergipark.org.tr\/en\/pub\/intraders\/board\">Dean, Liza Alili Sulejmani<\/a><\/td>\n<td><a href=\"https:\/\/ibu.edu.mk\/en\/\">International Balkan University<\/a><\/td>\n<td><a href=\"https:\/\/tourismmacedonia.gov.mk\/?lang=en\">N. Macedonia<\/a><\/td>\n<\/tr>\n<tr>\n<td><a href=\"https:\/\/dergipark.org.tr\/en\/pub\/intraders\/board\">Prof. Dr. Violeta Madzova<\/a><\/td>\n<td><a href=\"https:\/\/ibu.edu.mk\/en\/\">International Balkan University<\/a><\/td>\n<td><a href=\"https:\/\/tourismmacedonia.gov.mk\/?lang=en\">N. Macedonia<\/a><\/td>\n<\/tr>\n<tr>\n<td>Dean, Cristian DR\u0102GHICI<\/td>\n<td>Titu Maiorescu University, Faculty of Law and Economic Sciences Tg. Jiu<\/td>\n<td><a href=\"http:\/\/turism.gov.ro\/web\/\">Romania<\/a><\/td>\n<\/tr>\n<tr>\n<td><a href=\"https:\/\/scholar.google.com.br\/citations?user=b-VZ7WsAAAAJ&amp;hl=en\">Assoc.Prof. Dr. Vatuiu TEODORA<\/a><\/td>\n<td>Titu Maiorescu University, Faculty of Law and Economic Sciences Tg. Jiu\u00a0<\/td>\n<td><a href=\"http:\/\/turism.gov.ro\/web\/\">Romania<\/a><\/td>\n<\/tr>\n<tr>\n<td><a href=\"https:\/\/scholar.google.com\/citations?hl=tr&amp;user=nEn2PRIAAAAJ\">Dr. Mihaela POP<\/a><\/td>\n<td>Titu Maiorescu University, Faculty of Law and Economic Sciences Tg. Jiu<\/td>\n<td><a href=\"http:\/\/turism.gov.ro\/web\/\">Romania<\/a><\/td>\n<\/tr>\n<tr>\n<td><a href=\"https:\/\/dergipark.org.tr\/en\/pub\/intraders\/board\">Prof. Dr. ADRIANA SCHIOPOIU BURLEA<\/a><\/td>\n<td><a href=\"http:\/\/www.ucv.ro\/en\/\">University of Craiova<\/a><\/td>\n<td><a href=\"http:\/\/turism.gov.ro\/web\/\">Romania<\/a><\/td>\n<\/tr>\n<tr>\n<td><a href=\"https:\/\/avesis.atauni.edu.tr\/hakaneygu\">Do\u00e7. Dr. Hakan Eyg\u00fc<\/a><\/td>\n<td>Atat\u00fcrk University<\/td>\n<td><a href=\"http:\/\/www.kultur.gov.tr\/?_dil=2\">Turkey<\/a><\/td>\n<\/tr>\n<tr>\n<td><a href=\"https:\/\/dergipark.org.tr\/en\/pub\/intraders\/board\">Prof. Dr. Rashmi Gujrati<\/a><\/td>\n<td>CT University<\/td>\n<td><a href=\"https:\/\/tourism.gov.in\/\">India<\/a><\/td>\n<\/tr>\n<tr>\n<td>Dr. Marinic\u0103 Tiberiu \u0218chiopu<\/td>\n<td>University of Delhi<\/td>\n<td><a href=\"https:\/\/tourism.gov.in\/\">India<\/a><\/td>\n<\/tr>\n<tr>\n<td><a href=\"https:\/\/dergipark.org.tr\/en\/pub\/intraders\/board\">Assoc. Prof.\u00a0 Dr. Hakan Murat Arslan<\/a><\/td>\n<td>D\u00fczce University<\/td>\n<td>Turkey<\/td>\n<\/tr>\n<tr>\n<td><a href=\"https:\/\/dergipark.org.tr\/en\/pub\/intraders\/board\">Lect. Sobia Hassan<\/a><\/td>\n<td><a href=\"http:\/\/www.lcwu.edu.pk\/\">Lahore College for Women University<\/a><\/td>\n<td><a href=\"https:\/\/tourism.gov.pk\/\">Pakistan<\/a><\/td>\n<\/tr>\n<tr>\n<td><a href=\"http:\/\/dergipark.gov.tr\/@inanc.kabasakal\">PhD. \u0130nan\u00e7 Kabasakal<\/a><\/td>\n<td><a href=\"https:\/\/iibf.ege.edu.tr\/tr-2420\/profile.html\">Ege University<\/a><\/td>\n<td><a href=\"http:\/\/www.kultur.gov.tr\/?_dil=2\">Turkey<\/a><\/td>\n<\/tr>\n<tr>\n<td><a href=\"http:\/\/tubis.ticaret.edu.tr\/_Adek\/CV\/CV.aspx?adi=\/z5AQ+sJZxWoWT44maFc\/J1RbGVOC+HRJ7pmZKRRmlZdQVBNdjkedZ4vHey8Vq\/crUXYfplNx59VnF2uF8GZYA==\">PhD. Faculty Member Volkan HAN<\/a><\/td>\n<td>Nev\u015fehir Hac\u0131 Bekta\u015f Veli University<\/td>\n<td><a href=\"http:\/\/www.kultur.gov.tr\/?_dil=2\">Turkey<\/a><\/td>\n<\/tr>\n<tr>\n<td><a href=\"http:\/\/www.dergipark.gov.tr\/@monaliza\">Mamoona RASHEED<\/a><\/td>\n<td>Independent Researcher<\/td>\n<td><a href=\"https:\/\/tourism.gov.pk\/\">Pakistan<\/a><\/td>\n<\/tr>\n<tr>\n<td><a href=\"https:\/\/www.researchgate.net\/profile\/Joanna_Hernik\">PhD. Faculty Member Joanna HERNIK<\/a><\/td>\n<td><a href=\"http:\/\/www.zut.edu.pl\/index.php?id=7237\">West Pomeranian University of Technology<\/a><\/td>\n<td><a href=\"https:\/\/www.msit.gov.pl\/en\">Poland<\/a><\/td>\n<\/tr>\n<tr>\n<td><a href=\"https:\/\/dergipark.org.tr\/en\/pub\/intraders\/board\">PhD Faculty Member Hilal ALPDO\u011eAN<\/a><\/td>\n<td>Sakarya University of Applied Sciences<\/td>\n<td><a href=\"http:\/\/www.kultur.gov.tr\/?_dil=2\">Turkey<\/a><\/td>\n<\/tr>\n<tr>\n<td><a href=\"https:\/\/dergipark.org.tr\/en\/pub\/intraders\/board\">Lect. Hina Zahoor<\/a><\/td>\n<td><a href=\"https:\/\/gelisim.edu.tr\/en\"> \u0130stanbul Geli\u015fim University<\/a><\/td>\n<td><a href=\"http:\/\/www.mfa.gov.mk\/index.php?option=com_content&amp;view=article&amp;id=325&amp;catid=106&amp;Itemid=349&amp;lang=en\">Turkey<\/a><\/td>\n<\/tr>\n<tr>\n<td>Lect. Muhammed Shahzeb Khan Yousufzai<\/td>\n<td><a href=\"https:\/\/www.jinnah.edu\/\">Mohammad Ali Jinnah University<\/a><\/td>\n<td><a href=\"https:\/\/tourism.gov.pk\/\">Pakistan<\/a><\/td>\n<\/tr>\n<tr>\n<td><strong>Conference Secretariat<\/strong><\/td>\n<td>\u00a0<\/td>\n<td>\u00a0<\/td>\n<\/tr>\n<tr>\n<td><a href=\"https:\/\/www.linkedin.com\/in\/irina-raluca-badea-70b71076\/\">PhD. Irina Raluca BADEA<\/a><\/td>\n<td>Independent Researcher<\/td>\n<td><a href=\"http:\/\/turism.gov.ro\/web\/\">Romania<\/a><\/td>\n<\/tr>\n<tr>\n<td>K\u00fcr\u015fat \u00c7apraz<\/td>\n<td>Sakarya University<\/td>\n<td>Turkey<\/td>\n<\/tr>\n<tr>\n<td>Edita Mustafa<\/td>\n<td>International Balkan University<\/td>\n<td><a href=\"https:\/\/tourismmacedonia.gov.mk\/?lang=en\">N. Macedonia<\/a><\/td>\n<\/tr>\n<tr>\n<td>Celal ALPDO\u011eAN<\/td>\n<td>Sakarya University of Applied Sciences<\/td>\n<td>Turkey<\/td>\n<\/tr>\n<tr>\n<td>Diellza Bilalli<\/td>\n<td>International Balkan University<\/td>\n<td><a href=\"https:\/\/tourismmacedonia.gov.mk\/?lang=en\">N. Macedonia<\/a><\/td>\n<\/tr>\n<\/tbody>\n<\/table>\n<\/figure>","protected":false},"excerpt":{"rendered":"<p>Organizing Committee Vice Rector, Mevludin Ibish International Balkan University N. Macedonia Vice Rector, U. Serdar Serdaro\u011flu International Balkan University N. Macedonia Dean, Liza Alili Sulejmani International Balkan University N. Macedonia Prof. Dr. Violeta Madzova International Balkan University N. Macedonia Dean, Cristian DR\u0102GHICI Titu Maiorescu University, Faculty of Law and Economic Sciences Tg. Jiu Romania Assoc.Prof. &#8230; <a title=\"Organizing Committee\" class=\"read-more\" href=\"https:\/\/www.intraders.org\/icse\/?page_id=24\">Read more<\/a><\/p>\n","protected":false},"author":1,"featured_media":0,"parent":0,"menu_order":0,"comment_status":"closed","ping_status":"closed","template":"","meta":{"generate_page_header":"","footnotes":""},"class_list":["post-24","page","type-page","status-publish"],"_links":{"self":[{"href":"https:\/\/www.intraders.org\/icse\/index.php?rest_route=\/wp\/v2\/pages\/24","targetHints":{"allow":["GET"]}}],"collection":[{"href":"https:\/\/www.intraders.org\/icse\/index.php?rest_route=\/wp\/v2\/pages"}],"about":[{"href":"https:\/\/www.intraders.org\/icse\/index.php?rest_route=\/wp\/v2\/types\/page"}],"author":[{"embeddable":true,"href":"https:\/\/www.intraders.org\/icse\/index.php?rest_route=\/wp\/v2\/users\/1"}],"replies":[{"embeddable":true,"href":"https:\/\/www.intraders.org\/icse\/index.php?rest_route=%2Fwp%2Fv2%2Fcomments&post=24"}],"version-history":[{"count":151,"href":"https:\/\/www.intraders.org\/icse\/index.php?rest_route=\/wp\/v2\/pages\/24\/revisions"}],"predecessor-version":[{"id":1795,"href":"https:\/\/www.intraders.org\/icse\/index.php?rest_route=\/wp\/v2\/pages\/24\/revisions\/1795"}],"wp:attachment":[{"href":"https:\/\/www.intraders.org\/icse\/index.php?rest_route=%2Fwp%2Fv2%2Fmedia&parent=24"}],"curies":[{"name":"wp","href":"https:\/\/api.w.org\/{rel}","templated":true}]}}