{"id":811,"date":"2026-03-30T19:11:33","date_gmt":"2026-03-30T17:11:33","guid":{"rendered":"https:\/\/www.intraders.org\/jr\/?page_id=811"},"modified":"2026-03-30T19:11:33","modified_gmt":"2026-03-30T17:11:33","slug":"publisher","status":"publish","type":"page","link":"https:\/\/www.intraders.org\/jr\/publisher\/","title":{"rendered":"Publisher"},"content":{"rendered":"\n<p>Name\/Surname: K\u00fcr\u015fat \u00c7APRAZ<\/p>\n\n\n\n<figure class=\"wp-block-table\"><table class=\"has-fixed-layout\"><tbody><tr><td>E-Mail<\/td><td>kcapraz@klu.edu.tr<\/td><\/tr><tr><td>Phone<\/td><td>+90 288 512 54 83<\/td><\/tr><tr><td>Institution Web Site<\/td><td><a href=\"https:\/\/personel.klu.edu.tr\/kcapraz\/\">https:\/\/personel.klu.edu.tr\/kcapraz\/<\/a><\/td><\/tr><tr><td>Country \/ City<\/td><td>T\u00fcrkiye \/ K\u0131rklareli<\/td><\/tr><tr><td>Address<\/td><td>KIRKLAREL\u0130 \u00dcN\u0130V. BABABESK\u0130 MYO BABAESK\u0130\/KIRKLAREL\u0130<\/td><\/tr><tr><td>Founded<\/td><td>2018<\/td><\/tr><tr><td>ORCID&nbsp;<\/td><td>Institution Website<\/td><\/tr><\/tbody><\/table><\/figure>\n","protected":false},"excerpt":{"rendered":"<p>Name\/Surname: K\u00fcr\u015fat \u00c7APRAZ E-Mail kcapraz@klu.edu.tr Phone +90 288 512 54 83 Institution Web Site https:\/\/personel.klu.edu.tr\/kcapraz\/ Country \/ City T\u00fcrkiye \/ K\u0131rklareli Address KIRKLAREL\u0130 \u00dcN\u0130V. BABABESK\u0130 MYO BABAESK\u0130\/KIRKLAREL\u0130 Founded 2018 ORCID&nbsp; Institution Website<\/p>\n","protected":false},"author":1,"featured_media":0,"parent":0,"menu_order":0,"comment_status":"closed","ping_status":"closed","template":"","meta":{"generate_page_header":"","footnotes":""},"class_list":["post-811","page","type-page","status-publish"],"_links":{"self":[{"href":"https:\/\/www.intraders.org\/jr\/wp-json\/wp\/v2\/pages\/811","targetHints":{"allow":["GET"]}}],"collection":[{"href":"https:\/\/www.intraders.org\/jr\/wp-json\/wp\/v2\/pages"}],"about":[{"href":"https:\/\/www.intraders.org\/jr\/wp-json\/wp\/v2\/types\/page"}],"author":[{"embeddable":true,"href":"https:\/\/www.intraders.org\/jr\/wp-json\/wp\/v2\/users\/1"}],"replies":[{"embeddable":true,"href":"https:\/\/www.intraders.org\/jr\/wp-json\/wp\/v2\/comments?post=811"}],"version-history":[{"count":1,"href":"https:\/\/www.intraders.org\/jr\/wp-json\/wp\/v2\/pages\/811\/revisions"}],"predecessor-version":[{"id":812,"href":"https:\/\/www.intraders.org\/jr\/wp-json\/wp\/v2\/pages\/811\/revisions\/812"}],"wp:attachment":[{"href":"https:\/\/www.intraders.org\/jr\/wp-json\/wp\/v2\/media?parent=811"}],"curies":[{"name":"wp","href":"https:\/\/api.w.org\/{rel}","templated":true}]}}