{"id":21,"date":"2018-01-23T12:09:20","date_gmt":"2018-01-23T12:09:20","guid":{"rendered":"https:\/\/www.intraders.org\/may\/?page_id=21"},"modified":"2026-04-20T19:45:17","modified_gmt":"2026-04-20T17:45:17","slug":"about","status":"publish","type":"page","link":"https:\/\/www.intraders.org\/may\/","title":{"rendered":"About"},"content":{"rendered":"<section id=\"container\">\n<section id=\"content\">\n<h2 style=\"text-align: center;\"><\/h2>\n<h1 style=\"text-align: center;\"><strong>The 15th InTraders International Conference On Multidisciplinary Studies<\/strong><\/h1>\n<h3 style=\"text-align: center;\"><strong>18-19 May 2026 (Hybrid), Universitatea Bioterra, <\/strong><strong>Bucharest, Romania<\/strong><\/h3>\n<\/section>\n<p style=\"text-align: center;\"><strong>Collaboration with\u00a0 <a href=\"https:\/\/www.sakarya.edu.tr\/\">Sakarya University,<\/a><a href=\"https:\/\/bioterra.ro\/contact.php\">Bioterra University, Bucharest, Romania<\/a>, <a href=\"https:\/\/beta.ibu.edu.mk\/\">International Balkan University, North Macedonia<\/a>, <a href=\"https:\/\/www.utm.ro\/politica-de-confidentialitate\/#confidentialitate\">Titu Maiorescu University<\/a>,<a href=\"https:\/\/www.utm.ro\/en\/faculty-law-economic-sciences-tg-jiu\/\">\u00a0Romania<\/a>, <\/strong><a href=\"https:\/\/rrgsh.org\/\"><strong>Women in Science Network (RRGSH), North Macedonia <\/strong><\/a>and <strong><a href=\"https:\/\/stebilampung.ac.id\/\">Sekolah Tinggi Ekonomi dan Bisnis Islam Lampung University, Indonesia<\/a><\/strong><\/p>\n<p style=\"text-align: center;\">Presentation Languages: Turkish, English, Romanian<\/p>\n<p style=\"text-align: center;\">Written Language: English (Abstract-Full Text)<\/p>\n<div class=\"entry-content\">\n<h2 class=\"entry-title\" style=\"text-align: center;\"><span style=\"color: #000000;\"><strong>Publication Opportunities<\/strong><\/span><\/h2>\n<p><span style=\"color: #ffffff;\">.<\/span><\/p>\n<h3>\u00a0 \u00a0 <strong>1<\/strong>&#8211;<strong>DOI for each article<\/strong>. ISBN for Abstract and Full Text (Proceeding) Books. Indexed in Ebsco and ProQuest Ebook Library, cataloged in Worldcat.<\/h3>\n<h3 class=\"wp-block-heading\" style=\"text-align: center;\"><strong>2-Selected articles will be published in<\/strong>:\u00a0<strong><a href=\"https:\/\/dergipark.org.tr\/en\/pub\/intraders\">InTraders International Trade Academic Journal<\/a><\/strong> (indexed in:\u00a0<strong><a href=\"https:\/\/search.trdizin.gov.tr\/tr\/dergi\/detay\/3430\">\u00a0TRDizin<\/a>,<\/strong> <a href=\"https:\/\/atif.sobiad.com\/index.jsp?modul=journals-detail&amp;ID=KTL3mIoBQzmg-9NM9uSa\">SOB\u0130AD<\/a>, <a href=\"https:\/\/www.ebsco.com\/m\/ee\/Marketing\/titleLists\/bth-journals.htm\">EBSCOhost (Contract Date: 2022-06-13)<\/a>,\u00a0<a href=\"https:\/\/kanalregister.hkdir.no\/publiseringskanaler\/erihplus\/periodical\/info.action?id=503769\">ERIH PLUS (Approved 2024-01-03)<\/a>,\u00a0<a href=\"https:\/\/v2.sherpa.ac.uk\/id\/publication\/44835\">Sherpa Romeo(Approved 2024-02-15)<\/a>,\u00a0<a href=\"https:\/\/openaccess.izmirakademi.org\/journal\/intraders\/643\">Index of Academic Documents<\/a><\/h3>\n<p style=\"text-align: center;\"><strong>3-The Conference Abstract and Full-text books will be published. All abstracts and full textbooks of our past congresses have been published and our past congresses have met the international congress criteria of the Turkish Higher Education Council<\/strong><mark class=\"has-inline-color has-accent-color\">.\u00a0<strong>The Proceeding Book will be applied to Web of Science Conference Proceedings Citation Index<\/strong><\/mark><\/p>\n<p style=\"text-align: center;\"><strong>4<\/strong>\u2013<strong>An agreement with\u00a0EBSCO\u00a0 and ProQuest<\/strong>\u00a0<strong>for our conference books archive page (<a href=\"http:\/\/www.intraders.org\/archive\">www.intraders.org\/archive<\/a>). Congress abstracts and proceeding books that we have published\/in our archive will be available to stakeholders via EBSCO and ProQuest, free of charge.<\/strong><\/p>\n<p>5-<a href=\"https:\/\/dergipark.org.tr\/en\/pub\/gupayad\">Journal of Current Marketing Approaches and Research<\/a>, Link: <a href=\"https:\/\/dergipark.org.tr\/en\/pub\/gupayad\">Journal of Current Marketing Approaches and Research \u00bb Home<\/a><\/p>\n<p>6-InHealth Theory Journal (ISSN: 3062-2069) Link: <a href=\"https:\/\/inhealththeory.com\/index.php\/pub\">InHealth Theory<\/a><\/p>\n<p><span style=\"color: #ffffff;\">.<\/span><\/p>\n<\/div>\n<\/section>\n<section id=\"container\">\n<h3 style=\"text-align: center;\"><span style=\"color: #ff0000;\"><a style=\"color: #ff0000;\" href=\"https:\/\/www.intraders.org\/news\/ot\/columnwriter\/\"><strong>Be Our InTraders\u2019 Blogger for Free of Registration to InTraders\u2019 Conferences and International Books<\/strong><\/a><\/span><\/h3>\n<section id=\"content\">\n<p style=\"text-align: center;\"><strong>Conference Topics<\/strong><\/p>\n<p style=\"text-align: center;\"><strong>Social Sciences Titles:<\/strong>\u00a0<span class=\"Y2IQFc\" lang=\"en\">Sociology, Psychology, Communication Studies, Journalism, Public Relations, Advertising, Social Work, Philosophy, History, Economics, Business Administration, Labor Economics, Human Resources, International, Finance, Econometrics, Political Science and Public Administration, Law, Islamic Economics and Finance, Management Informatics Systems, Health Management, International Trade, Logistics, Sports Science Studies, Sports, Nutrition<\/span><\/p>\n<p style=\"text-align: center;\"><strong>Education Titles:<\/strong>\u00a0Distance Education, Higher Education, Teaching and Learning, E-learning, Lifelong Learning, Literary Studies, Comparative Literature, Linguistics and Environment Studies<\/p>\n<p style=\"text-align: center;\"><strong>Health Science\u00a0Titles:<\/strong>\u00a0Nursing, Midwifery, Health Management topics.<\/p>\n<p style=\"text-align: center;\"><strong>Agri-food:<\/strong>\u00a0Food industry, agriculture, turistic and agroturistic management, rural development<\/p>\n<p style=\"text-align: center;\"><strong>Engineering\u00a0Titles:<\/strong>\u00a0artificial intelligence, software, computer sciences, and industrial engineering topics.<\/p>\n<p style=\"text-align: center;\"><strong>Open Access Policy<\/strong><\/p>\n<\/section>\n<\/section>\n<section id=\"container\">\n<section>\n<h3 style=\"text-align: center;\">InTraders accepts the Open Access Principles outlined in the<a href=\"https:\/\/www.budapestopenaccessinitiative.org\/\">\u00a0Budapest Open Access Initiative (BOAI)<\/a>. Accordingly, InTraders provides instant open access to its content, adopting the principle that making scientific publications accessible to researchers will increase the global sharing of knowledge.<\/h3>\n<p style=\"text-align: center;\"><strong>Licensing Policy<\/strong><\/p>\n<h3 style=\"text-align: center;\">The authors allow the Publisher to publish this article under a\u00a0<a href=\"https:\/\/creativecommons.org\/licenses\/by-nc\/4.0\/\">Creative Commons Attribution-NonCommercial 4.0 International (CC BY-NC 4.0) license<\/a>.\u00a0<a href=\"https:\/\/creativecommons.org\/licenses\/by-nc\/4.0\/\">Creative Commons Attribution-NonCommercial 4.0 International (CC BY-NC 4.0) license\u00a0<\/a>allows the work to be shared, copied, and reproduced in any size and format other than for commercial use, including re-editing, transforming, and building upon the original work, provided that it is properly cited.<\/h3>\n<p>*Organisation is a social responsibility organisation formed by non-profit volunteers with a sense of social responsibility. <span class=\"Y2IQFc\" lang=\"en\">K\u00fcr\u015fat \u00c7apraz; Responsible for publication(conference abstract, book-full text book-journal) processes.<\/span><\/p>\n<h2 style=\"text-align: center;\"><strong>Academic Partnership\/Supporter<\/strong><\/h2>\n<p style=\"text-align: center;\"><span style=\"color: #0000ff;\">For academic partnership\/supporter you can send your request to intradersmay@gmail.com\u00a0 Academic foreign language coursesOverseas education consultancy companies, Academic Publishers &amp; Indexing Partners, Academic &amp; Research Organizations, you may be our partners.\u00a0<\/span><\/p>\n<\/section>\n<section id=\"content\">\n<h2><\/h2>\n<h2 style=\"text-align: center;\"><strong>Conference Organizers<\/strong><\/h2>\n<p style=\"text-align: center;\"><a href=\"https:\/\/www.intraders.org\/may\/?attachment_id=927#main\" rel=\"attachment wp-att-927\"><img loading=\"lazy\" decoding=\"async\" class=\"alignnone size-full wp-image-927\" src=\"https:\/\/www.intraders.org\/may\/wp-content\/uploads\/2019\/11\/intraders-logo.jpg\" alt=\"\" width=\"284\" height=\"177\" \/><\/a><\/p>\n<p style=\"text-align: center;\"><a href=\"https:\/\/bioterra.ro\/contact.php\" rel=\"attachment wp-att-2163\"><img loading=\"lazy\" decoding=\"async\" class=\"alignnone size-full wp-image-2163\" src=\"https:\/\/www.intraders.org\/may\/wp-content\/uploads\/2026\/01\/Bioeterra.jpg\" alt=\"\" width=\"200\" height=\"208\" \/><\/a><\/p>\n<\/section>\n<p style=\"text-align: center;\"><a href=\"https:\/\/beta.ibu.edu.mk\/\"><img loading=\"lazy\" decoding=\"async\" class=\"alignnone size-medium wp-image-1294\" src=\"https:\/\/www.intraders.org\/may\/wp-content\/uploads\/2022\/02\/IBU-LOGO-300x125.jpg\" alt=\"\" width=\"300\" height=\"125\" srcset=\"https:\/\/www.intraders.org\/may\/wp-content\/uploads\/2022\/02\/IBU-LOGO-300x125.jpg 300w, https:\/\/www.intraders.org\/may\/wp-content\/uploads\/2022\/02\/IBU-LOGO-768x320.jpg 768w, https:\/\/www.intraders.org\/may\/wp-content\/uploads\/2022\/02\/IBU-LOGO.jpg 960w\" sizes=\"auto, (max-width: 300px) 100vw, 300px\" \/><\/a><\/p>\n<section id=\"content\">\n<p style=\"text-align: center;\"><a href=\"https:\/\/www.utm.ro\/facultatea-de-drept-si-stiinte-economice-tg-jiu\/\"><img loading=\"lazy\" decoding=\"async\" class=\"alignnone  wp-image-1776\" src=\"https:\/\/www.intraders.org\/may\/wp-content\/uploads\/2024\/09\/Titu-Tg-300x259.jpeg\" alt=\"\" width=\"195\" height=\"168\" srcset=\"https:\/\/www.intraders.org\/may\/wp-content\/uploads\/2024\/09\/Titu-Tg-300x259.jpeg 300w, https:\/\/www.intraders.org\/may\/wp-content\/uploads\/2024\/09\/Titu-Tg-768x664.jpeg 768w, https:\/\/www.intraders.org\/may\/wp-content\/uploads\/2024\/09\/Titu-Tg.jpeg 900w\" sizes=\"auto, (max-width: 195px) 100vw, 195px\" \/><\/a><\/p>\n<p><a href=\"https:\/\/rrgsh.org\/\" rel=\"https:\/\/rrgsh.org\/\"><img loading=\"lazy\" decoding=\"async\" class=\"aligncenter wp-image-1915\" src=\"https:\/\/www.intraders.org\/may\/wp-content\/uploads\/2025\/03\/WhatsApp-Image-2025-03-13-at-17.08.52-294x300.jpeg\" alt=\"\" width=\"175\" height=\"179\" srcset=\"https:\/\/www.intraders.org\/may\/wp-content\/uploads\/2025\/03\/WhatsApp-Image-2025-03-13-at-17.08.52-294x300.jpeg 294w, https:\/\/www.intraders.org\/may\/wp-content\/uploads\/2025\/03\/WhatsApp-Image-2025-03-13-at-17.08.52-1004x1024.jpeg 1004w, https:\/\/www.intraders.org\/may\/wp-content\/uploads\/2025\/03\/WhatsApp-Image-2025-03-13-at-17.08.52-768x783.jpeg 768w, https:\/\/www.intraders.org\/may\/wp-content\/uploads\/2025\/03\/WhatsApp-Image-2025-03-13-at-17.08.52.jpeg 1080w\" sizes=\"auto, (max-width: 175px) 100vw, 175px\" \/><\/a><a href=\"https:\/\/stebilampung.ac.id\/\" rel=\"attachment wp-att-1944\"><img loading=\"lazy\" decoding=\"async\" class=\"wp-image-1944 aligncenter\" src=\"https:\/\/www.intraders.org\/may\/wp-content\/uploads\/2025\/03\/logo-stebi-png_page-0001-300x300.jpg\" alt=\"\" width=\"168\" height=\"168\" srcset=\"https:\/\/www.intraders.org\/may\/wp-content\/uploads\/2025\/03\/logo-stebi-png_page-0001-300x300.jpg 300w, https:\/\/www.intraders.org\/may\/wp-content\/uploads\/2025\/03\/logo-stebi-png_page-0001-150x150.jpg 150w, https:\/\/www.intraders.org\/may\/wp-content\/uploads\/2025\/03\/logo-stebi-png_page-0001.jpg 625w\" sizes=\"auto, (max-width: 168px) 100vw, 168px\" \/><\/a><\/p>\n<p style=\"text-align: center;\"><strong>Media Sponsors<\/strong><\/p>\n<p style=\"text-align: center;\"><a href=\"https:\/\/conferencealertsintraders.com\/the-15th-intraders-international-conference-on-multidisciplinary-studies-18-19-may-2026-bucharest-romania\/\">Conference Alerts InTraders\u00a0<\/a><\/p>\n<p style=\"text-align: center;\"><a href=\"https:\/\/www.kongreuzmani.com\/the-15-intraders-international-conference-on-multidisciplinary-studies.html\">KONGREUZMANI<\/a><\/p>\n<p style=\"text-align: center;\"><a href=\"https:\/\/conferencenext.com\" rel=\"attachment wp-att-2191\"><img loading=\"lazy\" decoding=\"async\" class=\"alignnone size-full wp-image-2191\" src=\"https:\/\/www.intraders.org\/may\/wp-content\/uploads\/2026\/01\/Conference-Next.png\" alt=\"\" width=\"260\" height=\"70\" \/><\/a><\/p>\n<p style=\"text-align: center;\"><a href=\"https:\/\/internationalconferencealerts.com\/eventdetails.php?id=101102339\" rel=\"attachment wp-att-2193\"><img loading=\"lazy\" decoding=\"async\" class=\"alignnone size-medium wp-image-2193\" src=\"https:\/\/www.intraders.org\/may\/wp-content\/uploads\/2026\/01\/international-conference-alerts-logo-300x97.jpg\" alt=\"\" width=\"300\" height=\"97\" srcset=\"https:\/\/www.intraders.org\/may\/wp-content\/uploads\/2026\/01\/international-conference-alerts-logo-300x97.jpg 300w, https:\/\/www.intraders.org\/may\/wp-content\/uploads\/2026\/01\/international-conference-alerts-logo-1024x332.jpg 1024w, https:\/\/www.intraders.org\/may\/wp-content\/uploads\/2026\/01\/international-conference-alerts-logo-768x249.jpg 768w, https:\/\/www.intraders.org\/may\/wp-content\/uploads\/2026\/01\/international-conference-alerts-logo-1536x497.jpg 1536w, https:\/\/www.intraders.org\/may\/wp-content\/uploads\/2026\/01\/international-conference-alerts-logo-2048x663.jpg 2048w\" sizes=\"auto, (max-width: 300px) 100vw, 300px\" \/><\/a><\/p>\n<\/section>\n<p style=\"text-align: center;\"><a href=\"https:\/\/conferenceineurope.net\/eventdetail\/101102339\" rel=\"attachment wp-att-2211\"><img loading=\"lazy\" decoding=\"async\" class=\"alignnone size-full wp-image-2211\" src=\"https:\/\/www.intraders.org\/may\/wp-content\/uploads\/2026\/02\/Conference-in-Europe-1.png\" alt=\"\" width=\"150\" height=\"150\" \/><\/a><\/p>\n<p style=\"text-align: center;\"><a href=\"https:\/\/allconferencealert.net\/romania.php\" rel=\"attachment wp-att-2221\"><img loading=\"lazy\" decoding=\"async\" class=\"alignnone size-medium wp-image-2221\" src=\"https:\/\/www.intraders.org\/may\/wp-content\/uploads\/2026\/02\/All-Conference-Alert-300x59.png\" alt=\"\" width=\"300\" height=\"59\" srcset=\"https:\/\/www.intraders.org\/may\/wp-content\/uploads\/2026\/02\/All-Conference-Alert-300x59.png 300w, https:\/\/www.intraders.org\/may\/wp-content\/uploads\/2026\/02\/All-Conference-Alert-1024x202.png 1024w, https:\/\/www.intraders.org\/may\/wp-content\/uploads\/2026\/02\/All-Conference-Alert-768x152.png 768w, https:\/\/www.intraders.org\/may\/wp-content\/uploads\/2026\/02\/All-Conference-Alert-1536x303.png 1536w, https:\/\/www.intraders.org\/may\/wp-content\/uploads\/2026\/02\/All-Conference-Alert-2048x405.png 2048w\" sizes=\"auto, (max-width: 300px) 100vw, 300px\" \/><\/a><\/p>\n<\/section>\n<section id=\"container\">\n<section id=\"content\">\n<p style=\"text-align: center;\"><a href=\"http:\/\/www.intraders.org\"><strong>InTraders Academic Platform<\/strong><\/a><\/p>\n<p style=\"text-align: center;\"><a href=\"https:\/\/www.intraders.org\/may\/?attachment_id=2167#main\" rel=\"attachment wp-att-2167\"><img loading=\"lazy\" decoding=\"async\" class=\"alignnone size-medium wp-image-2167\" src=\"https:\/\/www.intraders.org\/may\/wp-content\/uploads\/2026\/01\/The-15th-InTraders-212x300.jpg\" alt=\"\" width=\"212\" height=\"300\" srcset=\"https:\/\/www.intraders.org\/may\/wp-content\/uploads\/2026\/01\/The-15th-InTraders-212x300.jpg 212w, https:\/\/www.intraders.org\/may\/wp-content\/uploads\/2026\/01\/The-15th-InTraders-724x1024.jpg 724w, https:\/\/www.intraders.org\/may\/wp-content\/uploads\/2026\/01\/The-15th-InTraders-768x1086.jpg 768w, https:\/\/www.intraders.org\/may\/wp-content\/uploads\/2026\/01\/The-15th-InTraders-1086x1536.jpg 1086w, https:\/\/www.intraders.org\/may\/wp-content\/uploads\/2026\/01\/The-15th-InTraders.jpg 1241w\" sizes=\"auto, (max-width: 212px) 100vw, 212px\" \/><\/a><\/p>\n<\/section>\n<\/section>\n","protected":false},"excerpt":{"rendered":"<p>The 15th InTraders International Conference On Multidisciplinary Studies 18-19 May 2026 (Hybrid), Universitatea Bioterra, Bucharest, Romania Collaboration with\u00a0 Sakarya University,Bioterra University, Bucharest, Romania, International Balkan University, North Macedonia, Titu Maiorescu University,\u00a0Romania, Women in Science Network (RRGSH), North Macedonia and Sekolah Tinggi Ekonomi dan Bisnis Islam Lampung University, Indonesia Presentation Languages: Turkish, English, Romanian Written Language: &#8230; <a title=\"About\" class=\"read-more\" href=\"https:\/\/www.intraders.org\/may\/\">Read more<\/a><\/p>\n","protected":false},"author":1,"featured_media":0,"parent":0,"menu_order":0,"comment_status":"closed","ping_status":"closed","template":"","meta":{"generate_page_header":"","footnotes":""},"class_list":["post-21","page","type-page","status-publish"],"_links":{"self":[{"href":"https:\/\/www.intraders.org\/may\/index.php?rest_route=\/wp\/v2\/pages\/21","targetHints":{"allow":["GET"]}}],"collection":[{"href":"https:\/\/www.intraders.org\/may\/index.php?rest_route=\/wp\/v2\/pages"}],"about":[{"href":"https:\/\/www.intraders.org\/may\/index.php?rest_route=\/wp\/v2\/types\/page"}],"author":[{"embeddable":true,"href":"https:\/\/www.intraders.org\/may\/index.php?rest_route=\/wp\/v2\/users\/1"}],"replies":[{"embeddable":true,"href":"https:\/\/www.intraders.org\/may\/index.php?rest_route=%2Fwp%2Fv2%2Fcomments&post=21"}],"version-history":[{"count":260,"href":"https:\/\/www.intraders.org\/may\/index.php?rest_route=\/wp\/v2\/pages\/21\/revisions"}],"predecessor-version":[{"id":2235,"href":"https:\/\/www.intraders.org\/may\/index.php?rest_route=\/wp\/v2\/pages\/21\/revisions\/2235"}],"wp:attachment":[{"href":"https:\/\/www.intraders.org\/may\/index.php?rest_route=%2Fwp%2Fv2%2Fmedia&parent=21"}],"curies":[{"name":"wp","href":"https:\/\/api.w.org\/{rel}","templated":true}]}}