{"id":1496,"date":"2022-08-07T00:40:00","date_gmt":"2022-08-06T22:40:00","guid":{"rendered":"https:\/\/www.intraders.org\/october\/?page_id=1496"},"modified":"2026-02-04T20:46:18","modified_gmt":"2026-02-04T18:46:18","slug":"about","status":"publish","type":"page","link":"https:\/\/www.intraders.org\/october\/","title":{"rendered":"About"},"content":{"rendered":"\n<p><\/p>\n\n\n\n<h1 class=\"wp-block-heading has-text-align-center\"><strong>The 15th InTraders Conference: 18-19 May 2026, Bucharest, Romania <\/strong>Link: <a href=\"https:\/\/www.intraders.org\/may\/\">The 15th InTraders International Conference On Multidisciplinary Studies \u2013 We caress the souls of researchers<\/a><\/h1>\n\n\n\n<p><\/p>\n\n\n\n<h1 class=\"wp-block-heading has-text-align-center\"><strong>The 16th InTraders International Conference On Multidisciplinary Studies, 12-13 October 2026<\/strong><\/h1>\n\n\n\n<p><\/p>\n\n\n\n<h1 class=\"wp-block-heading has-text-align-center\"><strong><mark style=\"background-color:rgba(0, 0, 0, 0)\" class=\"has-inline-color has-accent-color\">We are looking for a venue. For academic collaboration, do not hesitate to contact intradersoctober@gmail.com<\/mark><\/strong><\/h1>\n\n\n\n<p><\/p>\n\n\n\n<p class=\"has-text-align-center\"><strong><mark style=\"background-color:rgba(0, 0, 0, 0);color:#bf1f8c\" class=\"has-inline-color\">D\u00fczenledi\u011fimiz t\u00fcm kongreler<\/mark><\/strong> <strong><mark style=\"background-color:rgba(0, 0, 0, 0);color:#bf1f8c\" class=\"has-inline-color\">akademik te\u015fvik ve do\u00e7entlik ba\u015fvuru kriterlerini sa\u011flam\u0131\u015ft\u0131r.<\/mark><\/strong><\/p>\n\n\n\n<h1 class=\"wp-block-heading has-text-align-center\"><strong><mark style=\"background-color:rgba(0, 0, 0, 0)\" class=\"has-inline-color has-accent-color\">Abstract Book and Proceeding Book Published<\/mark><\/strong><\/h1>\n\n\n\n<h3 class=\"wp-block-heading has-text-align-center\"><strong><a href=\"https:\/\/intraders.org\/archive\/conference-book-archive\/\"><em>Conference Book Archive \u2013 InTraders Archive<\/em><\/a><\/strong><\/h3>\n\n\n\n<p class=\"has-text-align-center\"><\/p>\n\n\n\n<h2 class=\"wp-block-heading has-text-align-center\"><strong>Publishing opportunity in InTraders International Trade Academic Journal (Indexed in<a href=\"https:\/\/search.trdizin.gov.tr\/tr\/dergi\/detay\/3430\">&nbsp;TRDizin<\/a>,&nbsp;<a href=\"https:\/\/www.ebsco.com\/m\/ee\/Marketing\/titleLists\/bth-journals.htm\" target=\"_blank\" rel=\"noreferrer noopener\">EBSCOhost<\/a>,&nbsp;<a href=\"https:\/\/kanalregister.hkdir.no\/publiseringskanaler\/erihplus\/periodical\/info.action?id=503769\" target=\"_blank\" rel=\"noreferrer noopener\">ERIH PLUS<\/a>,&nbsp;<a href=\"https:\/\/openpolicyfinder.jisc.ac.uk\/id\/publication\/44835\" target=\"_blank\" rel=\"noreferrer noopener\">Sherpa Romeo)<\/a><\/strong><\/h2>\n\n\n\n<h3 class=\"wp-block-heading has-text-align-center\"><strong>Conference Organizers<\/strong><\/h3>\n\n\n\n<p><a href=\"https:\/\/www.sakarya.edu.tr\/en\/\">Sakarya University (T\u00fcrkiye<\/a>),&nbsp;<a href=\"https:\/\/hello.ibu.edu.mk\/apply\">International Balkan University (North Macedonia)<\/a>,&nbsp;<a href=\"https:\/\/rrgsh.org\/\">Women in Science Network (North Macedonia<\/a>),&nbsp;<a href=\"https:\/\/stebilampung.ac.id\/\">Sekolah Tinggi Ekonomi dan Bisnis Islam Lampung (Indonesia)<\/a>,&nbsp;<a href=\"https:\/\/www.utm.ro\/en\/faculty-law-economic-sciences-tg-jiu\/\">Faculty of Law and Economic Sciences \u2013 Tg. Jiu (Romania)<\/a><\/p>\n\n\n\n<p class=\"has-text-align-center\"><strong>We have an agreement with EBSCO&nbsp; and ProQuest&nbsp;for our conference books (<a href=\"http:\/\/www.intraders.org\/archive\">www.intraders.org\/archive<\/a>). Congress abstracts and full-text books we have published\/in our conferences are open access and free of charge to their stakeholders by EBSCO and ProQuest.<\/strong><\/p>\n\n\n\n<h2 class=\"wp-block-heading has-text-align-center\"><strong><mark style=\"background-color:rgba(0, 0, 0, 0)\" class=\"has-inline-color has-accent-color\"><a href=\"https:\/\/intraders.org\/archive\/\">Our Conference Books are indexed in EBSCO and ProQuest eBook Database<\/a><\/mark><\/strong><\/h2>\n\n\n\n<h2 class=\"wp-block-heading has-text-align-center\"><strong>Be Our InTraders\u2019 Blogger for Free of Registration to InTraders\u2019 Conferences : <a href=\"https:\/\/www.intraders.org\/news\/ot\/columnwriter\/\">https:\/\/www.intraders.org\/news\/ot\/columnwriter\/<\/a><\/strong><\/h2>\n\n\n\n<p class=\"has-text-align-center\"><\/p>\n\n\n\n<h2 class=\"wp-block-heading has-text-align-center\"><strong>Conference Topics<\/strong><\/h2>\n\n\n\n<p><strong>Social Sciences Titles:<\/strong>&nbsp;Sociology, Psychology, Communication Studies, Journalism, Public Relations, Advertising, Social Work, Philosophy, Economics, Business Administration, Labor Economics, Human Resources, International, Finance, Econometrics, Political Science and Public Administration, Law, Islamic Economics and Finance, Management Informatics Systems, Health Management, International Trade, Logistics, Sports Science Studies, Sports, Nutrition<\/p>\n\n\n\n<p><strong>Education Titles:<\/strong>&nbsp;Distance Education, Higher Education, Teaching and Learning, E-learning, Lifelong Learning, Literary Studies, Comparative Literature, Linguistics and Environment Studies<\/p>\n\n\n\n<p><strong>Health Science <strong>Titles<\/strong>:<\/strong> Nursing, Midwifery, Health Management topics<\/p>\n\n\n\n<p><strong>Engineering<\/strong> <strong>Titles:<\/strong> Artificial intelligence, software, computer sciences, and industrial-automotive engineering topics.<\/p>\n\n\n\n<p class=\"has-text-align-center\"><strong>Open Access Policy<\/strong><\/p>\n\n\n\n<h3 class=\"wp-block-heading\">InTraders accepts the Open Access Principles outlined in the<a href=\"https:\/\/www.budapestopenaccessinitiative.org\/\">&nbsp;Budapest Open Access Initiative (BOAI)<\/a>. Accordingly, InTraders provides instant open access to its content, adopting the principle that making scientific publications accessible to researchers will increase knowledge-sharing.<\/h3>\n\n\n\n<p class=\"has-text-align-center\"><strong>Licensing Policy<\/strong><\/p>\n\n\n\n<h3 class=\"wp-block-heading\">The authors allow the Publisher to publish this article under a&nbsp;<a href=\"https:\/\/creativecommons.org\/licenses\/by-nc\/4.0\/\">Creative Commons Attribution-NonCommercial 4.0 International (CC BY-NC 4.0) license<\/a>.&nbsp;<a href=\"https:\/\/creativecommons.org\/licenses\/by-nc\/4.0\/\">Creative Commons Attribution-NonCommercial 4.0 International (CC BY-NC 4.0) license&nbsp;<\/a>allows the work to be shared, copied, and reproduced in any size and format other than for commercial use, including re-editing, transforming, and building upon the original work, provided that it is properly cited.<\/h3>\n\n\n\n<p>*Organisation is a social responsibility organisation formed by non-profit volunteers with a sense of social responsibility.&nbsp;K\u00fcr\u015fat \u00c7apraz: Secretary of InTraders Conferences : Responsible for publication(conference abstract, full-text book, journal) processes.<\/p>\n\n\n\n<p><\/p>\n\n\n\n<h2 class=\"wp-block-heading has-text-align-center\"><strong>Conference Organizers<\/strong><\/h2>\n\n\n\n<p><a href=\"https:\/\/www.sakarya.edu.tr\/en\/\">Sakarya University (T\u00fcrkiye<\/a>), <a href=\"https:\/\/hello.ibu.edu.mk\/apply\">International Balkan University (North Macedonia)<\/a>, <a href=\"https:\/\/rrgsh.org\/\">Women in Science Network (North Macedonia<\/a>), <a href=\"https:\/\/stebilampung.ac.id\/\">Sekolah Tinggi Ekonomi dan Bisnis Islam Lampung (Indonesia)<\/a>, <a href=\"https:\/\/www.utm.ro\/en\/faculty-law-economic-sciences-tg-jiu\/\">Faculty of Law and Economic Sciences &#8211; Tg. Jiu (Romania)<\/a><\/p>\n\n\n\n<p class=\"has-text-align-center\"><\/p>\n\n\n<div class=\"wp-block-image\">\n<figure class=\"aligncenter size-large is-resized\"><a href=\"https:\/\/www.intraders.org\/october\/wp-content\/uploads\/2025\/07\/SAUyatay1logo.png\"><img loading=\"lazy\" decoding=\"async\" width=\"1024\" height=\"258\" src=\"https:\/\/www.intraders.org\/october\/wp-content\/uploads\/2025\/07\/SAUyatay1logo-1024x258.png\" alt=\"\" class=\"wp-image-2138\" style=\"width:389px;height:auto\" srcset=\"https:\/\/www.intraders.org\/october\/wp-content\/uploads\/2025\/07\/SAUyatay1logo-1024x258.png 1024w, https:\/\/www.intraders.org\/october\/wp-content\/uploads\/2025\/07\/SAUyatay1logo-300x76.png 300w, https:\/\/www.intraders.org\/october\/wp-content\/uploads\/2025\/07\/SAUyatay1logo-768x194.png 768w, https:\/\/www.intraders.org\/october\/wp-content\/uploads\/2025\/07\/SAUyatay1logo-1536x388.png 1536w, https:\/\/www.intraders.org\/october\/wp-content\/uploads\/2025\/07\/SAUyatay1logo.png 1902w\" sizes=\"auto, (max-width: 1024px) 100vw, 1024px\" \/><\/a><\/figure>\n<\/div>\n\n<div class=\"wp-block-image\">\n<figure class=\"aligncenter size-full\"><a href=\"https:\/\/www.intraders.org\/october\/wp-content\/uploads\/2023\/05\/InTraders-Logo-1.jpg\"><img loading=\"lazy\" decoding=\"async\" width=\"208\" height=\"130\" src=\"https:\/\/www.intraders.org\/october\/wp-content\/uploads\/2023\/05\/InTraders-Logo-1.jpg\" alt=\"\" class=\"wp-image-1712\"\/><\/a><\/figure>\n<\/div>\n\n<div class=\"wp-block-image\">\n<figure class=\"aligncenter size-full\"><a href=\"https:\/\/hello.ibu.edu.mk\/apply\"><img loading=\"lazy\" decoding=\"async\" width=\"300\" height=\"125\" src=\"http:\/\/www.intraders.org\/october\/wp-content\/uploads\/2022\/07\/IBU-LOGO-300x125-1.jpg\" alt=\"\" class=\"wp-image-1443\"\/><\/a><\/figure>\n<\/div>\n\n<div class=\"wp-block-image\">\n<figure class=\"aligncenter size-full is-resized\"><a href=\"https:\/\/rrgsh.org\/\"><img loading=\"lazy\" decoding=\"async\" width=\"294\" height=\"300\" src=\"http:\/\/www.intraders.org\/october\/wp-content\/uploads\/2025\/05\/Women.jpeg\" alt=\"\" class=\"wp-image-2032\" style=\"width:166px;height:auto\"\/><\/a><\/figure>\n<\/div>\n\n<div class=\"wp-block-image\">\n<figure class=\"aligncenter size-full is-resized\"><a href=\"https:\/\/stebilampung.ac.id\/\"><img loading=\"lazy\" decoding=\"async\" width=\"300\" height=\"300\" src=\"https:\/\/www.intraders.org\/october\/wp-content\/uploads\/2025\/05\/logo-stebi-png_page-0001-300x300-1.jpg\" alt=\"\" class=\"wp-image-2034\" style=\"width:160px;height:auto\" srcset=\"https:\/\/www.intraders.org\/october\/wp-content\/uploads\/2025\/05\/logo-stebi-png_page-0001-300x300-1.jpg 300w, https:\/\/www.intraders.org\/october\/wp-content\/uploads\/2025\/05\/logo-stebi-png_page-0001-300x300-1-150x150.jpg 150w\" sizes=\"auto, (max-width: 300px) 100vw, 300px\" \/><\/a><\/figure>\n<\/div>\n\n<div class=\"wp-block-image\">\n<figure class=\"aligncenter size-full is-resized\"><a href=\"https:\/\/www.utm.ro\/en\/faculty-law-economic-sciences-tg-jiu\/\"><img loading=\"lazy\" decoding=\"async\" width=\"300\" height=\"259\" src=\"http:\/\/www.intraders.org\/october\/wp-content\/uploads\/2025\/07\/Titu.webp\" alt=\"\" class=\"wp-image-2131\" style=\"width:210px;height:auto\"\/><\/a><\/figure>\n<\/div>\n\n\n<p class=\"has-text-align-center\"><strong>Media Sponsor<\/strong><\/p>\n\n\n\n<h3 class=\"wp-block-heading has-text-align-center\"><a href=\"https:\/\/conferencealertsintraders.com\/the-14th-intraders-international-conference-on-social-sciences-and-education-15-16-october-2025-sakarya-turkiye\/\">Conference Alerts<\/a> &amp;<\/h3>\n\n\n<div class=\"wp-block-image\">\n<figure class=\"aligncenter size-large is-resized\"><a href=\"https:\/\/internationalconferencealerts.com\/eventdetails.php?id=3362140\"><img loading=\"lazy\" decoding=\"async\" width=\"1024\" height=\"332\" src=\"https:\/\/www.intraders.org\/october\/wp-content\/uploads\/2025\/07\/INTERNATIONAL-CONFERENCE-ALERTS-1024x332.png\" alt=\"\" class=\"wp-image-2125\" style=\"width:227px;height:auto\" srcset=\"https:\/\/www.intraders.org\/october\/wp-content\/uploads\/2025\/07\/INTERNATIONAL-CONFERENCE-ALERTS-1024x332.png 1024w, https:\/\/www.intraders.org\/october\/wp-content\/uploads\/2025\/07\/INTERNATIONAL-CONFERENCE-ALERTS-300x97.png 300w, https:\/\/www.intraders.org\/october\/wp-content\/uploads\/2025\/07\/INTERNATIONAL-CONFERENCE-ALERTS-768x249.png 768w, https:\/\/www.intraders.org\/october\/wp-content\/uploads\/2025\/07\/INTERNATIONAL-CONFERENCE-ALERTS-1536x497.png 1536w, https:\/\/www.intraders.org\/october\/wp-content\/uploads\/2025\/07\/INTERNATIONAL-CONFERENCE-ALERTS-2048x663.png 2048w\" sizes=\"auto, (max-width: 1024px) 100vw, 1024px\" \/><\/a><\/figure>\n<\/div>\n\n\n<h1 class=\"wp-block-heading has-text-align-center\"><a href=\"http:\/\/www.intraders.org\"><strong>InTraders Academic Platform<\/strong><\/a><\/h1>\n\n\n\n<p class=\"has-text-align-center\"><strong>Our Conference Books are indexed in EBSCO and ProQuest eBook Database<\/strong><\/p>\n","protected":false},"excerpt":{"rendered":"<p>The 15th InTraders Conference: 18-19 May 2026, Bucharest, Romania Link: The 15th InTraders International Conference On Multidisciplinary Studies \u2013 We caress the souls of researchers The 16th InTraders International Conference On Multidisciplinary Studies, 12-13 October 2026 We are looking for a venue. For academic collaboration, do not hesitate to contact intradersoctober@gmail.com D\u00fczenledi\u011fimiz t\u00fcm kongreler akademik &#8230; <a title=\"About\" class=\"read-more\" href=\"https:\/\/www.intraders.org\/october\/\">Read more<\/a><\/p>\n","protected":false},"author":1,"featured_media":0,"parent":0,"menu_order":0,"comment_status":"closed","ping_status":"closed","template":"","meta":{"generate_page_header":"","footnotes":""},"class_list":["post-1496","page","type-page","status-publish"],"_links":{"self":[{"href":"https:\/\/www.intraders.org\/october\/wp-json\/wp\/v2\/pages\/1496","targetHints":{"allow":["GET"]}}],"collection":[{"href":"https:\/\/www.intraders.org\/october\/wp-json\/wp\/v2\/pages"}],"about":[{"href":"https:\/\/www.intraders.org\/october\/wp-json\/wp\/v2\/types\/page"}],"author":[{"embeddable":true,"href":"https:\/\/www.intraders.org\/october\/wp-json\/wp\/v2\/users\/1"}],"replies":[{"embeddable":true,"href":"https:\/\/www.intraders.org\/october\/wp-json\/wp\/v2\/comments?post=1496"}],"version-history":[{"count":164,"href":"https:\/\/www.intraders.org\/october\/wp-json\/wp\/v2\/pages\/1496\/revisions"}],"predecessor-version":[{"id":2401,"href":"https:\/\/www.intraders.org\/october\/wp-json\/wp\/v2\/pages\/1496\/revisions\/2401"}],"wp:attachment":[{"href":"https:\/\/www.intraders.org\/october\/wp-json\/wp\/v2\/media?parent=1496"}],"curies":[{"name":"wp","href":"https:\/\/api.w.org\/{rel}","templated":true}]}}