{"id":160,"date":"2018-01-23T20:05:08","date_gmt":"2018-01-23T20:05:08","guid":{"rendered":"http:\/\/www.intraders.org\/akademik\/?page_id=160"},"modified":"2025-01-24T12:11:22","modified_gmt":"2025-01-24T14:11:22","slug":"hakkimizda","status":"publish","type":"page","link":"https:\/\/www.intraders.org\/pazar\/","title":{"rendered":"Hakk\u0131m\u0131zda"},"content":{"rendered":"<h3 style=\"text-align: center;\"><a href=\"https:\/\/www.intraders.org\/turkce\/\">InTraders Akademik Platformu<\/a><\/h3>\n<h3 style=\"text-align: center;\"><strong>D\u0131\u015f Pazar Ara\u015ft\u0131rmas\u0131<\/strong><\/h3>\n<p>InTraders Akademik Platformu, Uluslararas\u0131 Ticaret Kongresi isim tescili yap\u0131lm\u0131\u015f, uluslararas\u0131 kongre niteliklerini ta\u015f\u0131yan uluslararas\u0131 ticaret alan\u0131na <a href=\"http:\/\/www.intraders.org\/ekim\">\u0130lkbahar Kongresi<\/a>, <a href=\"http:\/\/www.intraders.org\/mayis\">Sonbahar Kongresi<\/a>,\u00a0\u00a0<a href=\"http:\/\/www.dergipark.gov.tr\/intraders\">Akademik Dergi<\/a> ve D\u0131\u015f Pazar Ara\u015ft\u0131rmas\u0131 ba\u015fl\u0131klar\u0131 ile katk\u0131 sa\u011flamay\u0131 hedefleyen kar amac\u0131 g\u00fctmeyen akademik organizasyondur.<\/p>\n<p>InTraders Ekibi, d\u0131\u015f ticarete g\u00f6n\u00fcl vermi\u015f ki\u015filerden olu\u015fmaktad\u0131r. Kongre ticari ama\u00e7l\u0131 olmay\u0131p, uluslararas\u0131 ticaretle ile ilgili konularda tez\/makale\/saha incelemesi vb. \u015fekilde \u00e7al\u0131\u015fmas\u0131n\u0131 tamamlamay\u0131 ama\u00e7layan ara\u015ft\u0131rmac\u0131lara burs \/ finans sa\u011flamay\u0131 ama\u00e7lamaktad\u0131r. Bu t\u00fcr duyurular kongrenin Facebook Kongre Grup sayfas\u0131nda yap\u0131lmaktad\u0131r.<\/p>\n<p><a href=\"http:\/\/www.dergipark.gov.tr\/intraders\">InTraders Uluslararas\u0131 Ticaret Akademik Dergisi<\/a> Dergipark veritaban\u0131ndan yay\u0131n yapmaktad\u0131r. Y\u0131lda iki say\u0131 yay\u0131nlanmaktad\u0131r.<\/p>\n<p>InTraders Konferans\u0131 uluslararas\u0131 olup Y\u00d6K uluslararas\u0131 kongre kriterlerini ta\u015f\u0131maktad\u0131r.<\/p>\n<p>Kongrenin dili \u0130ngilizce&#8217;dir. <strong>Kongre yaz\u0131m dili \u0130ngilizce&#8217;dir.<\/strong><\/p>\n<p>\u0130\u015fbirlikleri i\u00e7in <strong>intradersorg@gmail.com<\/strong> ile ileti\u015fime ge\u00e7ebilirsiniz.<\/p>\n<p style=\"text-align: center;\"><strong><a href=\"http:\/\/www.intraders.org\/turkce\/\">InTraders Akademik Platform<\/a><\/strong><\/p>\n","protected":false},"excerpt":{"rendered":"<p>InTraders Akademik Platformu D\u0131\u015f Pazar Ara\u015ft\u0131rmas\u0131 InTraders Akademik Platformu, Uluslararas\u0131 Ticaret Kongresi isim tescili yap\u0131lm\u0131\u015f, uluslararas\u0131 kongre niteliklerini ta\u015f\u0131yan uluslararas\u0131 ticaret alan\u0131na \u0130lkbahar Kongresi, Sonbahar Kongresi,\u00a0\u00a0Akademik Dergi ve D\u0131\u015f Pazar Ara\u015ft\u0131rmas\u0131 ba\u015fl\u0131klar\u0131 ile katk\u0131 sa\u011flamay\u0131 hedefleyen kar amac\u0131 g\u00fctmeyen akademik organizasyondur. InTraders Ekibi, d\u0131\u015f ticarete g\u00f6n\u00fcl vermi\u015f ki\u015filerden olu\u015fmaktad\u0131r. Kongre ticari ama\u00e7l\u0131 olmay\u0131p, uluslararas\u0131 ticaretle &#8230; <a title=\"Hakk\u0131m\u0131zda\" class=\"read-more\" href=\"https:\/\/www.intraders.org\/pazar\/\">Read more<\/a><\/p>\n","protected":false},"author":1,"featured_media":0,"parent":0,"menu_order":0,"comment_status":"closed","ping_status":"closed","template":"","meta":{"generate_page_header":"","footnotes":""},"class_list":["post-160","page","type-page","status-publish"],"_links":{"self":[{"href":"https:\/\/www.intraders.org\/pazar\/wp-json\/wp\/v2\/pages\/160","targetHints":{"allow":["GET"]}}],"collection":[{"href":"https:\/\/www.intraders.org\/pazar\/wp-json\/wp\/v2\/pages"}],"about":[{"href":"https:\/\/www.intraders.org\/pazar\/wp-json\/wp\/v2\/types\/page"}],"author":[{"embeddable":true,"href":"https:\/\/www.intraders.org\/pazar\/wp-json\/wp\/v2\/users\/1"}],"replies":[{"embeddable":true,"href":"https:\/\/www.intraders.org\/pazar\/wp-json\/wp\/v2\/comments?post=160"}],"version-history":[{"count":7,"href":"https:\/\/www.intraders.org\/pazar\/wp-json\/wp\/v2\/pages\/160\/revisions"}],"predecessor-version":[{"id":648,"href":"https:\/\/www.intraders.org\/pazar\/wp-json\/wp\/v2\/pages\/160\/revisions\/648"}],"wp:attachment":[{"href":"https:\/\/www.intraders.org\/pazar\/wp-json\/wp\/v2\/media?parent=160"}],"curies":[{"name":"wp","href":"https:\/\/api.w.org\/{rel}","templated":true}]}}