{"id":181,"date":"2018-01-23T20:09:45","date_gmt":"2018-01-23T20:09:45","guid":{"rendered":"http:\/\/www.intraders.org\/akademik\/?page_id=181"},"modified":"2025-01-24T12:05:29","modified_gmt":"2025-01-24T14:05:29","slug":"ulasim","status":"publish","type":"page","link":"https:\/\/www.intraders.org\/pazar\/ulasim\/","title":{"rendered":"Hizmetlerimiz"},"content":{"rendered":"\n<p>\u00dcr\u00fcn ve hizmetlere y\u00f6nelik pazar ara\u015ft\u0131rmas\u0131 ve m\u00fc\u015fteri denetimleri yapmaktay\u0131z.<\/p>\n","protected":false},"excerpt":{"rendered":"<p>\u00dcr\u00fcn ve hizmetlere y\u00f6nelik pazar ara\u015ft\u0131rmas\u0131 ve m\u00fc\u015fteri denetimleri yapmaktay\u0131z.<\/p>\n","protected":false},"author":1,"featured_media":0,"parent":0,"menu_order":0,"comment_status":"closed","ping_status":"closed","template":"","meta":{"generate_page_header":"","footnotes":""},"class_list":["post-181","page","type-page","status-publish"],"_links":{"self":[{"href":"https:\/\/www.intraders.org\/pazar\/wp-json\/wp\/v2\/pages\/181","targetHints":{"allow":["GET"]}}],"collection":[{"href":"https:\/\/www.intraders.org\/pazar\/wp-json\/wp\/v2\/pages"}],"about":[{"href":"https:\/\/www.intraders.org\/pazar\/wp-json\/wp\/v2\/types\/page"}],"author":[{"embeddable":true,"href":"https:\/\/www.intraders.org\/pazar\/wp-json\/wp\/v2\/users\/1"}],"replies":[{"embeddable":true,"href":"https:\/\/www.intraders.org\/pazar\/wp-json\/wp\/v2\/comments?post=181"}],"version-history":[{"count":2,"href":"https:\/\/www.intraders.org\/pazar\/wp-json\/wp\/v2\/pages\/181\/revisions"}],"predecessor-version":[{"id":647,"href":"https:\/\/www.intraders.org\/pazar\/wp-json\/wp\/v2\/pages\/181\/revisions\/647"}],"wp:attachment":[{"href":"https:\/\/www.intraders.org\/pazar\/wp-json\/wp\/v2\/media?parent=181"}],"curies":[{"name":"wp","href":"https:\/\/api.w.org\/{rel}","templated":true}]}}