{"id":183,"date":"2018-01-23T20:09:45","date_gmt":"2018-01-23T20:09:45","guid":{"rendered":"http:\/\/www.intraders.org\/akademik\/?page_id=183"},"modified":"2020-02-13T03:59:22","modified_gmt":"2020-02-13T05:59:22","slug":"pazar-arastirmasi","status":"publish","type":"page","link":"https:\/\/www.intraders.org\/pazar\/pazar-arastirmasi\/","title":{"rendered":"Pazar Ara\u015ft\u0131rmas\u0131"},"content":{"rendered":"<p><strong>Pazar Ara\u015ft\u0131rmas\u0131<\/strong><\/p>\n<p>Pazar ara\u015ft\u0131rmas\u0131 ba\u015fl\u0131\u011f\u0131 alt\u0131nda \u00f6zel sekt\u00f6r, akademisyen ve <strong> uluslararas\u0131 ticaret alan\u0131nda <\/strong> \u00e7al\u0131\u015fma yapan \u00f6\u011frencilere katk\u0131 sa\u011flamay\u0131 hedeflemekteyiz.<\/p>\n<p>Yaln\u0131zca <strong>uluslararas\u0131 ticaret alan\u0131nda<\/strong> \u00f6zel sekt\u00f6r, akademisyen ve \u00f6\u011frenci taleplerine y\u00f6nelik a\u015fa\u011f\u0131daki \u015fekilde \u00e7al\u0131\u015fma y\u00fcr\u00fctmekteyiz:<\/p>\n<p>&#8211;<strong>\u00d6zel Sekt\u00f6r Talepleri:<\/strong> e\u011fitim talebi, pazar ara\u015ft\u0131rmas\u0131, vaka \u00e7al\u0131\u015fmas\u0131, stajer talebi<\/p>\n<p>&#8211;<strong>\u00d6\u011frenci Talepleri:<\/strong> staj talebi, tez-makale \u00e7al\u0131\u015fmas\u0131, burs, vaka analizi<\/p>\n<p>&#8211;<strong>Akademisyen Talepleri:<\/strong> e\u011fitim verme, tez-makale \u00e7al\u0131\u015fmas\u0131, vaka analizi, pazar ara\u015ft\u0131rmas\u0131<\/p>\n<p>\u00d6ncelikli alan\u0131m\u0131z lisans, y\u00fcksek lisans ve doktora \u00f6\u011frencilerine uluslararas\u0131 ticaret alan\u0131nda yapacaklar\u0131 tez, makale, bitirme \u00f6devi \u00e7al\u0131\u015fmalar\u0131n\u0131 tamamlayabilmeleri i\u00e7in fon ve burs sa\u011flamakt\u0131r. Fon ve burs \u00f6nceli\u011fi \u00e7al\u0131\u015fmayan ve herhangi bir yerden burs almayan s\u0131ras\u0131yla doktora, y\u00fcksek lisans ve lisans \u00f6\u011frencileridir. Vak\u0131f \u00fcniversitelerinde okuyan tam burslu \u00f6\u011frenci d\u0131\u015f\u0131ndaki \u00f6\u011frenciler fon ve burslardan yararlanamaz. Fon s\u00fcreci i\u00e7in duyuruya \u00e7\u0131k\u0131lm\u0131\u015ft\u0131r. Pazar ara\u015ft\u0131rmas\u0131 ba\u015fl\u0131\u011f\u0131 alt\u0131nda yap\u0131lan t\u00fcm duyurular\u0131m\u0131z Kongre Facebook Grup sayfas\u0131ndan yap\u0131lmaktad\u0131r.<\/p>\n<p>Talepleriniz i\u00e7in \u201c<strong><a href=\"http:\/\/www.intraders.org\/pazar\/iletisim\/\">ileti\u015fim<\/a><\/strong>\u201d formunu doldurunuz.<\/p>\n<p><a href=\"http:\/\/www.intraders.org\/\"><strong>InTraders Akademik Platform<\/strong><\/a><\/p>\n","protected":false},"excerpt":{"rendered":"<p>Pazar Ara\u015ft\u0131rmas\u0131 Pazar ara\u015ft\u0131rmas\u0131 ba\u015fl\u0131\u011f\u0131 alt\u0131nda \u00f6zel sekt\u00f6r, akademisyen ve uluslararas\u0131 ticaret alan\u0131nda \u00e7al\u0131\u015fma yapan \u00f6\u011frencilere katk\u0131 sa\u011flamay\u0131 hedeflemekteyiz. Yaln\u0131zca uluslararas\u0131 ticaret alan\u0131nda \u00f6zel sekt\u00f6r, akademisyen ve \u00f6\u011frenci taleplerine y\u00f6nelik a\u015fa\u011f\u0131daki \u015fekilde \u00e7al\u0131\u015fma y\u00fcr\u00fctmekteyiz: &#8211;\u00d6zel Sekt\u00f6r Talepleri: e\u011fitim talebi, pazar ara\u015ft\u0131rmas\u0131, vaka \u00e7al\u0131\u015fmas\u0131, stajer talebi &#8211;\u00d6\u011frenci Talepleri: staj talebi, tez-makale \u00e7al\u0131\u015fmas\u0131, burs, vaka analizi &#8211;Akademisyen &#8230; <a title=\"Pazar Ara\u015ft\u0131rmas\u0131\" class=\"read-more\" href=\"https:\/\/www.intraders.org\/pazar\/pazar-arastirmasi\/\">Read more<\/a><\/p>\n","protected":false},"author":1,"featured_media":0,"parent":0,"menu_order":0,"comment_status":"closed","ping_status":"closed","template":"","meta":{"generate_page_header":"","footnotes":""},"class_list":["post-183","page","type-page","status-publish"],"_links":{"self":[{"href":"https:\/\/www.intraders.org\/pazar\/wp-json\/wp\/v2\/pages\/183","targetHints":{"allow":["GET"]}}],"collection":[{"href":"https:\/\/www.intraders.org\/pazar\/wp-json\/wp\/v2\/pages"}],"about":[{"href":"https:\/\/www.intraders.org\/pazar\/wp-json\/wp\/v2\/types\/page"}],"author":[{"embeddable":true,"href":"https:\/\/www.intraders.org\/pazar\/wp-json\/wp\/v2\/users\/1"}],"replies":[{"embeddable":true,"href":"https:\/\/www.intraders.org\/pazar\/wp-json\/wp\/v2\/comments?post=183"}],"version-history":[{"count":1,"href":"https:\/\/www.intraders.org\/pazar\/wp-json\/wp\/v2\/pages\/183\/revisions"}],"predecessor-version":[{"id":637,"href":"https:\/\/www.intraders.org\/pazar\/wp-json\/wp\/v2\/pages\/183\/revisions\/637"}],"wp:attachment":[{"href":"https:\/\/www.intraders.org\/pazar\/wp-json\/wp\/v2\/media?parent=183"}],"curies":[{"name":"wp","href":"https:\/\/api.w.org\/{rel}","templated":true}]}}