{"id":578,"date":"2018-11-21T08:23:35","date_gmt":"2018-11-21T08:23:35","guid":{"rendered":"http:\/\/www.intraders.org\/pazar\/?page_id=578"},"modified":"2022-09-05T18:54:07","modified_gmt":"2022-09-05T20:54:07","slug":"arsiv","status":"publish","type":"page","link":"https:\/\/www.intraders.org\/pazar\/arsiv\/","title":{"rendered":"Ar\u015fiv"},"content":{"rendered":"<h1><a href=\"https:\/\/www.intraders.org\/arsiv\/\">Yay\u0131nlar\u0131m\u0131z<\/a><\/h1>\n","protected":false},"excerpt":{"rendered":"<p>Yay\u0131nlar\u0131m\u0131z<\/p>\n","protected":false},"author":1,"featured_media":0,"parent":0,"menu_order":0,"comment_status":"closed","ping_status":"closed","template":"","meta":{"generate_page_header":"","footnotes":""},"class_list":["post-578","page","type-page","status-publish"],"_links":{"self":[{"href":"https:\/\/www.intraders.org\/pazar\/wp-json\/wp\/v2\/pages\/578","targetHints":{"allow":["GET"]}}],"collection":[{"href":"https:\/\/www.intraders.org\/pazar\/wp-json\/wp\/v2\/pages"}],"about":[{"href":"https:\/\/www.intraders.org\/pazar\/wp-json\/wp\/v2\/types\/page"}],"author":[{"embeddable":true,"href":"https:\/\/www.intraders.org\/pazar\/wp-json\/wp\/v2\/users\/1"}],"replies":[{"embeddable":true,"href":"https:\/\/www.intraders.org\/pazar\/wp-json\/wp\/v2\/comments?post=578"}],"version-history":[{"count":2,"href":"https:\/\/www.intraders.org\/pazar\/wp-json\/wp\/v2\/pages\/578\/revisions"}],"predecessor-version":[{"id":639,"href":"https:\/\/www.intraders.org\/pazar\/wp-json\/wp\/v2\/pages\/578\/revisions\/639"}],"wp:attachment":[{"href":"https:\/\/www.intraders.org\/pazar\/wp-json\/wp\/v2\/media?parent=578"}],"curies":[{"name":"wp","href":"https:\/\/api.w.org\/{rel}","templated":true}]}}