{"id":260,"date":"2026-02-09T15:35:33","date_gmt":"2026-02-09T13:35:33","guid":{"rendered":"https:\/\/www.intraders.org\/turkce\/?page_id=260"},"modified":"2026-02-09T15:35:34","modified_gmt":"2026-02-09T13:35:34","slug":"amac-ve-kapsam","status":"publish","type":"page","link":"https:\/\/www.intraders.org\/turkce\/amac-ve-kapsam\/","title":{"rendered":"Ama\u00e7 ve Kapsam"},"content":{"rendered":"\n<p>Ara\u015ft\u0131rmac\u0131lar\u0131n bilimsel \u00e7al\u0131\u015fmalar\u0131n\u0131 yay\u0131nlayabilecek; akademik geli\u015fimlerine katk\u0131 sa\u011flayabilecek ve nitelikli akademik \u00e7al\u0131\u015fmalar\u0131n say\u0131lar\u0131n\u0131n artmas\u0131n\u0131 sa\u011flayacak bir platform olu\u015fturmay\u0131 ama\u00e7lamaktad\u0131r.<\/p>\n","protected":false},"excerpt":{"rendered":"<p>Ara\u015ft\u0131rmac\u0131lar\u0131n bilimsel \u00e7al\u0131\u015fmalar\u0131n\u0131 yay\u0131nlayabilecek; akademik geli\u015fimlerine katk\u0131 sa\u011flayabilecek ve nitelikli akademik \u00e7al\u0131\u015fmalar\u0131n say\u0131lar\u0131n\u0131n artmas\u0131n\u0131 sa\u011flayacak bir platform olu\u015fturmay\u0131 ama\u00e7lamaktad\u0131r.<\/p>\n","protected":false},"author":1,"featured_media":0,"parent":0,"menu_order":0,"comment_status":"closed","ping_status":"closed","template":"","meta":{"generate_page_header":"","footnotes":""},"class_list":["post-260","page","type-page","status-publish"],"_links":{"self":[{"href":"https:\/\/www.intraders.org\/turkce\/wp-json\/wp\/v2\/pages\/260","targetHints":{"allow":["GET"]}}],"collection":[{"href":"https:\/\/www.intraders.org\/turkce\/wp-json\/wp\/v2\/pages"}],"about":[{"href":"https:\/\/www.intraders.org\/turkce\/wp-json\/wp\/v2\/types\/page"}],"author":[{"embeddable":true,"href":"https:\/\/www.intraders.org\/turkce\/wp-json\/wp\/v2\/users\/1"}],"replies":[{"embeddable":true,"href":"https:\/\/www.intraders.org\/turkce\/wp-json\/wp\/v2\/comments?post=260"}],"version-history":[{"count":1,"href":"https:\/\/www.intraders.org\/turkce\/wp-json\/wp\/v2\/pages\/260\/revisions"}],"predecessor-version":[{"id":261,"href":"https:\/\/www.intraders.org\/turkce\/wp-json\/wp\/v2\/pages\/260\/revisions\/261"}],"wp:attachment":[{"href":"https:\/\/www.intraders.org\/turkce\/wp-json\/wp\/v2\/media?parent=260"}],"curies":[{"name":"wp","href":"https:\/\/api.w.org\/{rel}","templated":true}]}}