{"id":265,"date":"2026-02-09T15:42:07","date_gmt":"2026-02-09T13:42:07","guid":{"rendered":"https:\/\/www.intraders.org\/turkce\/?page_id=265"},"modified":"2026-02-09T22:16:37","modified_gmt":"2026-02-09T20:16:37","slug":"ssp","status":"publish","type":"page","link":"https:\/\/www.intraders.org\/turkce\/ssp\/","title":{"rendered":"SSP"},"content":{"rendered":"\n<p>Sosyal Sorumluluk Projelerimiz; \u0130ki adet sosyal sorumluluk projemiz mevcuttur.<\/p>\n\n\n\n<p>1-5mint. Presentation Competition; 2018 Pakistan, 2019, romanya, 2020 Makedonya&#8217;da 3 kez ger\u00e7ekle\u015ftirilmi\u015ftir. \u00d6\u011frencilerin topluluk \u00f6n\u00fcnde belirlenen tema \u00fczerine 5dk. sunum imkan\u0131 vereip onlara topluluk \u00f6n\u00fcnde sunum tecr\u00fcbesi yaparak hayatlar\u0131nda ho\u015f bir an\u0131 b\u0131rakmalar\u0131n\u0131 hedeflemektedir.<\/p>\n\n\n\n<p>2-Blog Yaz\u0131m\u0131: Belirli say\u0131da sayfam\u0131zda blog yaz\u0131 yazanlar; kongrelerimize, dergiye, kitap b\u00f6l\u00fcmlerimize \u00fccretsiz kat\u0131labilmektedir. Ana hedef, dezavantajl\u0131 konumda olan ara\u015ft\u0131rmac\u0131lar\u0131 desteklemektir. Ayr\u0131ca, ara\u015ft\u0131rmac\u0131lara yaz\u0131 yazma al\u0131\u015fkanl\u0131\u011f\u0131n\u0131 te\u015fvik etmek ve \u00e7\u0131kt\u0131s\u0131 olarak tez ve ara\u015ft\u0131rmalar\u0131nda alt yap\u0131 olu\u015fturmakt\u0131r.<\/p>\n\n\n\n<p>Detayl\u0131 Bilgi i\u00e7in Linki takip ediniz; <a href=\"https:\/\/www.intraders.org\/news\/ot\/columnwriter\/\">https:\/\/www.intraders.org\/news\/ot\/columnwriter\/<\/a><\/p>\n\n\n\n<p><\/p>\n\n\n\n<p><\/p>\n\n\n\n<p><\/p>\n\n\n\n<p><\/p>\n","protected":false},"excerpt":{"rendered":"<p>Sosyal Sorumluluk Projelerimiz; \u0130ki adet sosyal sorumluluk projemiz mevcuttur. 1-5mint. Presentation Competition; 2018 Pakistan, 2019, romanya, 2020 Makedonya&#8217;da 3 kez ger\u00e7ekle\u015ftirilmi\u015ftir. \u00d6\u011frencilerin topluluk \u00f6n\u00fcnde belirlenen tema \u00fczerine 5dk. sunum imkan\u0131 vereip onlara topluluk \u00f6n\u00fcnde sunum tecr\u00fcbesi yaparak hayatlar\u0131nda ho\u015f bir an\u0131 b\u0131rakmalar\u0131n\u0131 hedeflemektedir. 2-Blog Yaz\u0131m\u0131: Belirli say\u0131da sayfam\u0131zda blog yaz\u0131 yazanlar; kongrelerimize, dergiye, kitap b\u00f6l\u00fcmlerimize &#8230; <a title=\"SSP\" class=\"read-more\" href=\"https:\/\/www.intraders.org\/turkce\/ssp\/\">Read more<\/a><\/p>\n","protected":false},"author":1,"featured_media":0,"parent":0,"menu_order":0,"comment_status":"closed","ping_status":"closed","template":"","meta":{"generate_page_header":"","footnotes":""},"class_list":["post-265","page","type-page","status-publish"],"_links":{"self":[{"href":"https:\/\/www.intraders.org\/turkce\/wp-json\/wp\/v2\/pages\/265","targetHints":{"allow":["GET"]}}],"collection":[{"href":"https:\/\/www.intraders.org\/turkce\/wp-json\/wp\/v2\/pages"}],"about":[{"href":"https:\/\/www.intraders.org\/turkce\/wp-json\/wp\/v2\/types\/page"}],"author":[{"embeddable":true,"href":"https:\/\/www.intraders.org\/turkce\/wp-json\/wp\/v2\/users\/1"}],"replies":[{"embeddable":true,"href":"https:\/\/www.intraders.org\/turkce\/wp-json\/wp\/v2\/comments?post=265"}],"version-history":[{"count":8,"href":"https:\/\/www.intraders.org\/turkce\/wp-json\/wp\/v2\/pages\/265\/revisions"}],"predecessor-version":[{"id":345,"href":"https:\/\/www.intraders.org\/turkce\/wp-json\/wp\/v2\/pages\/265\/revisions\/345"}],"wp:attachment":[{"href":"https:\/\/www.intraders.org\/turkce\/wp-json\/wp\/v2\/media?parent=265"}],"curies":[{"name":"wp","href":"https:\/\/api.w.org\/{rel}","templated":true}]}}