{"id":284,"date":"2026-02-09T15:51:19","date_gmt":"2026-02-09T13:51:19","guid":{"rendered":"https:\/\/www.intraders.org\/turkce\/?page_id=284"},"modified":"2026-02-09T15:51:19","modified_gmt":"2026-02-09T13:51:19","slug":"arsiv-politikasi-depo-politikasi","status":"publish","type":"page","link":"https:\/\/www.intraders.org\/turkce\/arsiv-politikasi-depo-politikasi\/","title":{"rendered":"Ar\u015fiv Politikas\u0131 &amp; Depo Politikas\u0131"},"content":{"rendered":"\n<p><strong>Ar\u015fiv Politikas\u0131<\/strong><\/p>\n\n\n\n<p>Uzun d\u00f6nemli verileri saklama yeri DergiPark ve InTraders Akademik Platformun Ar\u015fiv Web\u2019idir.&nbsp;<\/p>\n\n\n\n<p>Dergipark Dergi Say\u0131lar\u0131 Ar\u015fiv Linki:&nbsp;<a href=\"https:\/\/dergipark.org.tr\/tr\/pub\/intraders\/archive\">https:\/\/dergipark.org.tr\/tr\/pub\/intraders\/archive<\/a><\/p>\n\n\n\n<p>InTraders Akademik Platformun Ar\u015fiv Web\u2019i:&nbsp;<a href=\"https:\/\/intraders.org\/arsiv\/\">https:\/\/intraders.org\/arsiv\/<\/a><\/p>\n\n\n\n<p><strong>Depo Politikas\u0131<\/strong><\/p>\n\n\n\n<p>InTraders, yazarlar\u0131n \u00e7al\u0131\u015fmalar\u0131n\u0131n s\u00fcr\u00fcmlerini se\u00e7tikleri bir kurumsal veya ba\u015fka bir ar\u015five yerle\u015ftirmelerine izin veren bir politikaya sahiptir.<\/p>\n","protected":false},"excerpt":{"rendered":"<p>Ar\u015fiv Politikas\u0131 Uzun d\u00f6nemli verileri saklama yeri DergiPark ve InTraders Akademik Platformun Ar\u015fiv Web\u2019idir.&nbsp; Dergipark Dergi Say\u0131lar\u0131 Ar\u015fiv Linki:&nbsp;https:\/\/dergipark.org.tr\/tr\/pub\/intraders\/archive InTraders Akademik Platformun Ar\u015fiv Web\u2019i:&nbsp;https:\/\/intraders.org\/arsiv\/ Depo Politikas\u0131 InTraders, yazarlar\u0131n \u00e7al\u0131\u015fmalar\u0131n\u0131n s\u00fcr\u00fcmlerini se\u00e7tikleri bir kurumsal veya ba\u015fka bir ar\u015five yerle\u015ftirmelerine izin veren bir politikaya sahiptir.<\/p>\n","protected":false},"author":1,"featured_media":0,"parent":0,"menu_order":0,"comment_status":"closed","ping_status":"closed","template":"","meta":{"generate_page_header":"","footnotes":""},"class_list":["post-284","page","type-page","status-publish"],"_links":{"self":[{"href":"https:\/\/www.intraders.org\/turkce\/wp-json\/wp\/v2\/pages\/284","targetHints":{"allow":["GET"]}}],"collection":[{"href":"https:\/\/www.intraders.org\/turkce\/wp-json\/wp\/v2\/pages"}],"about":[{"href":"https:\/\/www.intraders.org\/turkce\/wp-json\/wp\/v2\/types\/page"}],"author":[{"embeddable":true,"href":"https:\/\/www.intraders.org\/turkce\/wp-json\/wp\/v2\/users\/1"}],"replies":[{"embeddable":true,"href":"https:\/\/www.intraders.org\/turkce\/wp-json\/wp\/v2\/comments?post=284"}],"version-history":[{"count":1,"href":"https:\/\/www.intraders.org\/turkce\/wp-json\/wp\/v2\/pages\/284\/revisions"}],"predecessor-version":[{"id":285,"href":"https:\/\/www.intraders.org\/turkce\/wp-json\/wp\/v2\/pages\/284\/revisions\/285"}],"wp:attachment":[{"href":"https:\/\/www.intraders.org\/turkce\/wp-json\/wp\/v2\/media?parent=284"}],"curies":[{"name":"wp","href":"https:\/\/api.w.org\/{rel}","templated":true}]}}