{"id":288,"date":"2026-02-09T15:59:54","date_gmt":"2026-02-09T13:59:54","guid":{"rendered":"https:\/\/www.intraders.org\/turkce\/?page_id=288"},"modified":"2026-02-09T17:22:52","modified_gmt":"2026-02-09T15:22:52","slug":"bahar-kongresi","status":"publish","type":"page","link":"https:\/\/www.intraders.org\/turkce\/bahar-kongresi\/","title":{"rendered":"\u0130lkbahar Kongresi"},"content":{"rendered":"\n<p>InTraders \u0130lkbahar Kongresi genellikle may\u0131s aylar\u0131nda d\u00fczenlenmektedir.<\/p>\n\n\n\n<p>T\u00fcm kongre kitaplar\u0131 <strong>EBSCO ve Proquest Ebook<\/strong> veritaban\u0131nda taranmaktad\u0131r.<\/p>\n\n\n\n<p>Kongre tam metin kitaplar\u0131; <strong>Scopus<\/strong> ve <strong>Web of Science Conference Proceedings Citation Index<\/strong>&#8216;e ba\u015fvurulmaktad\u0131r(Hen\u00fcz belirtilen indekslerde yer almamaktay\u0131z.)<\/p>\n\n\n\n<p>Bahar kongresi web sayfam\u0131z; <strong><a href=\"http:\/\/www.intraders.org\/may\">www.intraders.org\/may <\/a><\/strong><\/p>\n\n\n\n<p class=\"has-text-align-center\"><a href=\"http:\/\/www.intraders.org\/may\"><strong>The 15th InTraders International Conference On Multidisciplinary Studies<\/strong>, <strong>18-19 May 2026 (Hybrid), Universitatea Bioterra,&nbsp;Bucharest, Romania<\/strong><\/a><\/p>\n\n\n\n<p><\/p>\n","protected":false},"excerpt":{"rendered":"<p>InTraders \u0130lkbahar Kongresi genellikle may\u0131s aylar\u0131nda d\u00fczenlenmektedir. T\u00fcm kongre kitaplar\u0131 EBSCO ve Proquest Ebook veritaban\u0131nda taranmaktad\u0131r. Kongre tam metin kitaplar\u0131; Scopus ve Web of Science Conference Proceedings Citation Index&#8216;e ba\u015fvurulmaktad\u0131r(Hen\u00fcz belirtilen indekslerde yer almamaktay\u0131z.) Bahar kongresi web sayfam\u0131z; www.intraders.org\/may The 15th InTraders International Conference On Multidisciplinary Studies, 18-19 May 2026 (Hybrid), Universitatea Bioterra,&nbsp;Bucharest, Romania<\/p>\n","protected":false},"author":1,"featured_media":0,"parent":0,"menu_order":0,"comment_status":"closed","ping_status":"closed","template":"","meta":{"generate_page_header":"","footnotes":""},"class_list":["post-288","page","type-page","status-publish"],"_links":{"self":[{"href":"https:\/\/www.intraders.org\/turkce\/wp-json\/wp\/v2\/pages\/288","targetHints":{"allow":["GET"]}}],"collection":[{"href":"https:\/\/www.intraders.org\/turkce\/wp-json\/wp\/v2\/pages"}],"about":[{"href":"https:\/\/www.intraders.org\/turkce\/wp-json\/wp\/v2\/types\/page"}],"author":[{"embeddable":true,"href":"https:\/\/www.intraders.org\/turkce\/wp-json\/wp\/v2\/users\/1"}],"replies":[{"embeddable":true,"href":"https:\/\/www.intraders.org\/turkce\/wp-json\/wp\/v2\/comments?post=288"}],"version-history":[{"count":6,"href":"https:\/\/www.intraders.org\/turkce\/wp-json\/wp\/v2\/pages\/288\/revisions"}],"predecessor-version":[{"id":338,"href":"https:\/\/www.intraders.org\/turkce\/wp-json\/wp\/v2\/pages\/288\/revisions\/338"}],"wp:attachment":[{"href":"https:\/\/www.intraders.org\/turkce\/wp-json\/wp\/v2\/media?parent=288"}],"curies":[{"name":"wp","href":"https:\/\/api.w.org\/{rel}","templated":true}]}}