{"id":22,"date":"2018-01-23T11:09:23","date_gmt":"2018-01-23T11:09:23","guid":{"rendered":"http:\/\/www.intraders.org\/turkce\/?page_id=22"},"modified":"2026-02-09T22:17:18","modified_gmt":"2026-02-09T20:17:18","slug":"intraders-akademik-platform","status":"publish","type":"page","link":"https:\/\/www.intraders.org\/turkce\/","title":{"rendered":"InTraders Publishing"},"content":{"rendered":"\n<h2 class=\"wp-block-heading\"><strong>Hakk\u0131m\u0131zda<\/strong><\/h2>\n\n\n\n<p>InTraders, 2017 y\u0131l\u0131nda marka tescili ve sonras\u0131nda kongre, dergi ile yay\u0131n hayat\u0131na ba\u015flam\u0131\u015ft\u0131r. InTraders; ara\u015ft\u0131rmac\u0131lar\u0131n g\u00f6n\u00fcll\u00fc olarak d\u00fczenleme, sekretarya, bilim kurulu, dan\u0131\u015fma kurulu ve edit\u00f6ryal kurul gibi kurullarda yer alarak olu\u015fturdu\u011fu sosyal giri\u015fimcilik \u00f6rne\u011fidir.<\/p>\n\n\n\n<p><a href=\"https:\/\/www.intraders.org\/turkce\/intraders-dergisi\/\">InTraders International Trade Academic Journal<\/a> (2018-&#8230;); 2024-2025 y\u0131llar\u0131 i\u00e7in <a href=\"https:\/\/search.trdizin.gov.tr\/tr\/dergi\/detay\/3430\">TR Dizin Index<\/a> taraf\u0131ndan kabul edilmi\u015f olup di\u011fer indeksleri ise; &nbsp;<a href=\"https:\/\/atif.sobiad.com\/index.jsp?modul=journals-detail&amp;ID=KTL3mIoBQzmg-9NM9uSa\">SOB\u0130AD<\/a>,&nbsp;<a href=\"https:\/\/www.ebsco.com\/m\/ee\/Marketing\/titleLists\/bth-journals.htm\">EBSCOhost<\/a>,&nbsp;<a href=\"https:\/\/kanalregister.hkdir.no\/publiseringskanaler\/erihplus\/periodical\/info.action?id=503769\">ERIH PLUS, <\/a><a href=\"https:\/\/v2.sherpa.ac.uk\/id\/publication\/44835\">Sherpa Romeo<\/a>.<\/p>\n\n\n\n<p>InTraders Kongrelerimiz ise <a href=\"https:\/\/www.intraders.org\/turkce\/bahar-kongresi\/\">\u0130lkbahar <\/a>ve <a href=\"https:\/\/www.intraders.org\/turkce\/sonbahar-kongresi\/\">Sonbahar<\/a> olmak \u00fczere y\u0131lda iki defa d\u00fczenlenmektedir. D\u00fczenlenmi\u015f olan t\u00fcm kongreler <strong>akademik te\u015fvik<\/strong> ve <strong>do\u00e7entlik ba\u015fvuru<\/strong> kriterleri &#8220;<strong>uluslararas\u0131 kongre<\/strong>&#8221; stat\u00fcs\u00fcn\u00fc kazanm\u0131\u015ft\u0131r. Kongre kitaplar\u0131 <strong>EBSCO and ProQuest<\/strong> Ebook veritaban\u0131nda yer almaktad\u0131r. <\/p>\n\n\n\n<p>Kitap B\u00f6l\u00fcm\u00fc Projeleri ile anla\u015fmal\u0131 yay\u0131nevlerinden edit\u00f6rler ad\u0131na kitap ilan\u0131na \u00e7\u0131k\u0131lmakta, kitap b\u00f6l\u00fcm\u00fc toplanarak yay\u0131nlanmas\u0131 sa\u011flanmaktad\u0131r. InTraders Proje Koordinat\u00f6rl\u00fc\u011f\u00fcn\u00fc sa\u011flamaktad\u0131r. Kitap B\u00f6l\u00fcm\u00fc Sayfam\u0131z: <a href=\"https:\/\/www.intraders.org\/turkce\/kitap-bolumu\/\">https:\/\/www.intraders.org\/turkce\/kitap-bolumu\/<\/a><\/p>\n\n\n\n<p><a href=\"https:\/\/www.intraders.org\/turkce\/ssp\/\"><strong>SSP<\/strong><\/a> ile ara\u015ft\u0131rmac\u0131lara destek olunmas\u0131 hedeflenmektedir.<\/p>\n\n\n\n<p>Ar\u015fiv sayfam\u0131zda kongre kitaplar\u0131m\u0131z, dergi say\u0131lar\u0131m\u0131z ve uluslararas\u0131 kitaplar yer almaktad\u0131r. Ar\u015fiv sayfam\u0131z i\u00e7in: <a href=\"https:\/\/www.intraders.org\/turkce\/arsiv\/\">https:\/\/www.intraders.org\/turkce\/arsiv\/<\/a><\/p>\n\n\n\n<p><\/p>\n","protected":false},"excerpt":{"rendered":"<p>Hakk\u0131m\u0131zda InTraders, 2017 y\u0131l\u0131nda marka tescili ve sonras\u0131nda kongre, dergi ile yay\u0131n hayat\u0131na ba\u015flam\u0131\u015ft\u0131r. InTraders; ara\u015ft\u0131rmac\u0131lar\u0131n g\u00f6n\u00fcll\u00fc olarak d\u00fczenleme, sekretarya, bilim kurulu, dan\u0131\u015fma kurulu ve edit\u00f6ryal kurul gibi kurullarda yer alarak olu\u015fturdu\u011fu sosyal giri\u015fimcilik \u00f6rne\u011fidir. InTraders International Trade Academic Journal (2018-&#8230;); 2024-2025 y\u0131llar\u0131 i\u00e7in TR Dizin Index taraf\u0131ndan kabul edilmi\u015f olup di\u011fer indeksleri ise; &nbsp;SOB\u0130AD,&nbsp;EBSCOhost,&nbsp;ERIH &#8230; <a title=\"InTraders Publishing\" class=\"read-more\" href=\"https:\/\/www.intraders.org\/turkce\/\">Read more<\/a><\/p>\n","protected":false},"author":1,"featured_media":0,"parent":0,"menu_order":0,"comment_status":"closed","ping_status":"closed","template":"","meta":{"generate_page_header":"","footnotes":""},"class_list":["post-22","page","type-page","status-publish"],"_links":{"self":[{"href":"https:\/\/www.intraders.org\/turkce\/wp-json\/wp\/v2\/pages\/22","targetHints":{"allow":["GET"]}}],"collection":[{"href":"https:\/\/www.intraders.org\/turkce\/wp-json\/wp\/v2\/pages"}],"about":[{"href":"https:\/\/www.intraders.org\/turkce\/wp-json\/wp\/v2\/types\/page"}],"author":[{"embeddable":true,"href":"https:\/\/www.intraders.org\/turkce\/wp-json\/wp\/v2\/users\/1"}],"replies":[{"embeddable":true,"href":"https:\/\/www.intraders.org\/turkce\/wp-json\/wp\/v2\/comments?post=22"}],"version-history":[{"count":180,"href":"https:\/\/www.intraders.org\/turkce\/wp-json\/wp\/v2\/pages\/22\/revisions"}],"predecessor-version":[{"id":346,"href":"https:\/\/www.intraders.org\/turkce\/wp-json\/wp\/v2\/pages\/22\/revisions\/346"}],"wp:attachment":[{"href":"https:\/\/www.intraders.org\/turkce\/wp-json\/wp\/v2\/media?parent=22"}],"curies":[{"name":"wp","href":"https:\/\/api.w.org\/{rel}","templated":true}]}}