{"id":268,"date":"2026-02-09T15:43:14","date_gmt":"2026-02-09T13:43:14","guid":{"rendered":"https:\/\/www.intraders.org\/turkce\/?page_id=268"},"modified":"2026-02-09T15:43:15","modified_gmt":"2026-02-09T13:43:15","slug":"gizlilik-politikasi","status":"publish","type":"page","link":"https:\/\/www.intraders.org\/turkce\/gizlilik-politikasi\/","title":{"rendered":"Gizlilik Politikas\u0131"},"content":{"rendered":"\n<p>Sayfalar\u0131m\u0131zdan herhangi birinde ki\u015fisel bilgi toplanmamaktad\u0131r. Yaz\u0131\u015fmadaki adresler organizasyonun kendi amac\u0131 do\u011frultusunda kullan\u0131lmakta ve \u00fc\u00e7\u00fcnc\u00fc ki\u015filerle payla\u015f\u0131lmamaktad\u0131r.<\/p>\n","protected":false},"excerpt":{"rendered":"<p>Sayfalar\u0131m\u0131zdan herhangi birinde ki\u015fisel bilgi toplanmamaktad\u0131r. Yaz\u0131\u015fmadaki adresler organizasyonun kendi amac\u0131 do\u011frultusunda kullan\u0131lmakta ve \u00fc\u00e7\u00fcnc\u00fc ki\u015filerle payla\u015f\u0131lmamaktad\u0131r.<\/p>\n","protected":false},"author":1,"featured_media":0,"parent":0,"menu_order":0,"comment_status":"closed","ping_status":"closed","template":"","meta":{"generate_page_header":"","footnotes":""},"class_list":["post-268","page","type-page","status-publish"],"_links":{"self":[{"href":"https:\/\/www.intraders.org\/turkce\/wp-json\/wp\/v2\/pages\/268","targetHints":{"allow":["GET"]}}],"collection":[{"href":"https:\/\/www.intraders.org\/turkce\/wp-json\/wp\/v2\/pages"}],"about":[{"href":"https:\/\/www.intraders.org\/turkce\/wp-json\/wp\/v2\/types\/page"}],"author":[{"embeddable":true,"href":"https:\/\/www.intraders.org\/turkce\/wp-json\/wp\/v2\/users\/1"}],"replies":[{"embeddable":true,"href":"https:\/\/www.intraders.org\/turkce\/wp-json\/wp\/v2\/comments?post=268"}],"version-history":[{"count":1,"href":"https:\/\/www.intraders.org\/turkce\/wp-json\/wp\/v2\/pages\/268\/revisions"}],"predecessor-version":[{"id":269,"href":"https:\/\/www.intraders.org\/turkce\/wp-json\/wp\/v2\/pages\/268\/revisions\/269"}],"wp:attachment":[{"href":"https:\/\/www.intraders.org\/turkce\/wp-json\/wp\/v2\/media?parent=268"}],"curies":[{"name":"wp","href":"https:\/\/api.w.org\/{rel}","templated":true}]}}