{"id":282,"date":"2026-02-09T15:50:42","date_gmt":"2026-02-09T13:50:42","guid":{"rendered":"https:\/\/www.intraders.org\/turkce\/?page_id=282"},"modified":"2026-02-09T15:50:43","modified_gmt":"2026-02-09T13:50:43","slug":"etik-ilkeler-ve-yayin-politikasi","status":"publish","type":"page","link":"https:\/\/www.intraders.org\/turkce\/etik-ilkeler-ve-yayin-politikasi\/","title":{"rendered":"Etik \u0130lkeler ve Yay\u0131n Politikas\u0131"},"content":{"rendered":"\n<p><strong>(InTraders)<\/strong><\/p>\n\n\n\n<p><strong>Etik \u0130lkeler ve Yay\u0131n Politikas\u0131<\/strong><\/p>\n\n\n\n<p><strong>1. Genel Etik \u0130lkeler- Genel<\/strong><\/p>\n\n\n\n<p>1. Etik Kurul izni gerektiren \u00e7al\u0131\u015fmalar (anket ya da \u00f6l\u00e7ek uygulamay\u0131 gerektiren, g\u00f6r\u00fc\u015fme ve g\u00f6zlem i\u00e7eren; dok\u00fcman, resim, anket vb. di\u011ferleri taraf\u0131ndan geli\u015ftirilen ve kullan\u0131m izni gerektiren \u00e7al\u0131\u015fmalar) i\u00e7in etik kurullardan ya da komisyonlardan gerekli izinlerin al\u0131nmas\u0131, bunlar\u0131n makale i\u00e7eri\u011finde belirtilmesi ya da ek olarak sunulmas\u0131 gerekmektedir. Bu izinlerin olmamas\u0131 durumunda yay\u0131n \u00f6n inceleme safhas\u0131nda yazara iade edilir.<br><br>2. Hakem de\u011ferlendirmelerinde olan ara\u015ft\u0131rmalara ili\u015fkin ham verilerin hakemler taraf\u0131ndan talep edildi\u011finde sunulmas\u0131 \u015fartt\u0131r. Verilerin makalenin yay\u0131m\u0131 sonras\u0131nda da gerekti\u011finde sa\u011flanmas\u0131 zorunludur.<\/p>\n\n\n\n<p>3. Yazarlar makalesinde belirtti\u011fi ileti\u015fim bilgilerini (mail, kurum, ORCID) InTraders\u2019da yay\u0131nlanacak\/yay\u0131nlanm\u0131\u015f makalesinde yer alaca\u011f\u0131n\u0131 kabul eder.&nbsp; InTraders yazarlara ait bilgileri dergi say\u0131lar\u0131 d\u0131\u015f\u0131nda hi\u00e7bir yerde yay\u0131nlamamay\u0131, ticari ve reklam ama\u00e7l\u0131 3. ki\u015filer ile payla\u015fmamay\u0131 kabul eder.&nbsp;<\/p>\n\n\n\n<p>&nbsp;<strong>&nbsp;&nbsp; A.&nbsp;Yazarlar \u0130\u00e7in Etik \u0130lkeler<br><\/strong><br>1. Yazarlar \u00e7al\u0131\u015fmalar\u0131n\u0131n \u00f6zg\u00fcn oldu\u011funu garanti eder ve di\u011fer ara\u015ft\u0131rmac\u0131lar\u0131n fikir, dil, resim, grafik ve tablolar\u0131na \u00e7al\u0131\u015fmalar\u0131nda yer verdikleri zaman bunu al\u0131nt\u0131 olarak belirtmek durumundad\u0131r. Kayna\u011f\u0131 belirtmeden yap\u0131lan al\u0131nt\u0131 intihal nedenidir.<br><br>2. \u00c7al\u0131\u015fmada ad\u0131 ge\u00e7en her yazar \u00e7al\u0131\u015fman\u0131n i\u00e7eri\u011finden ayn\u0131 oranda sorumludur. \u00c7al\u0131\u015fmaya katk\u0131s\u0131 olup da ara\u015ft\u0131rmac\u0131n\u0131n ismine yer verilmemesi veya katk\u0131s\u0131 olmad\u0131\u011f\u0131 halde haks\u0131z yere ad\u0131na yer verilmesi kabul edilemez bir durumdur.<br><br>3. Yazarlar ara\u015ft\u0131rmalar\u0131n\u0131n bulgular\u0131na sad\u0131k kalmal\u0131d\u0131r. Bulgular\u0131n de\u011fi\u015ftirilmesi, bulgu ve sonu\u00e7 uydurmak ve bunlardan yola \u00e7\u0131karak ara\u015ft\u0131rma yapmak s\u00f6z konusu de\u011fildir. Veriler ve materyaller \u00fczerinde oynama, silme, \u00e7\u0131karma ya da ba\u015f etmesi g\u00fc\u00e7 verilerin yorumlanma i\u015flemini atlama gibi durumlar g\u00fcven k\u0131r\u0131c\u0131d\u0131r.<br><br>4. \u00c7al\u0131\u015fman\u0131n dergilere e\u015f zamanl\u0131 g\u00f6nderimi s\u00f6z konusu olamaz. Yazarlar \u00f6nceden yay\u0131mlanm\u0131\u015f \u00e7al\u0131\u015fmalar\u0131n\u0131 da dergiye g\u00f6nderemezler.<\/p>\n\n\n\n<p>&nbsp; &nbsp;2020 y\u0131l\u0131ndan itibaren TR Dizin Dergi De\u011ferlendirme kriterleri g\u00fcncellenmi\u015f olup \u00f6zellikle bilimsel ara\u015ft\u0131rmalarda olmas\u0131 gereken etik kurul izni ile ilgili maddeler detayland\u0131r\u0131lm\u0131\u015ft\u0131r.<br><br>\u201cEtik kurul izni gerektiren \u00e7al\u0131\u015fmalar i\u00e7in talep edilen belge ve bilgiler\u201din, ge\u00e7mi\u015f y\u0131llarda g\u00f6nderilmi\u015f, de\u011ferlendirme s\u00fcreci tamamlanm\u0131\u015f ama hen\u00fcz yay\u0131nlanmam\u0131\u015f, de\u011ferlendirme s\u00fcreci devam etse de 2020 y\u0131l\u0131 \u00f6ncesi ara\u015ft\u0131rma verileri kullan\u0131lm\u0131\u015f olan \u00e7al\u0131\u015fmalar i\u00e7in uygulanmas\u0131 beklenmemektedir. S\u00fcreci 2020 y\u0131l\u0131nda ba\u015flay\u0131p ara\u015ft\u0131rma verileri 2020 y\u0131l\u0131na ait makaleler i\u00e7in zorunlu olacakt\u0131r. Hangi makaleler i\u00e7in Etik Kurul \u0130zin Belgesi gerekti\u011fi a\u015fa\u011f\u0131da a\u00e7\u0131klanm\u0131\u015f olup belgesi sisteme y\u00fcklenmeyen ve\/veya makale i\u00e7inde Etik Kurul \u0130zni ile ilgili bilgi verilmeyen makaleler de\u011ferlendirmeye al\u0131nmayacakt\u0131r.<br><br>TR Dizin Taraf\u0131ndan Yap\u0131lan Etik Kurallarla ilgili A\u00c7IKLAMA ve B\u0130LG\u0130LEND\u0130RME<br>Kriterlerde ge\u00e7mi\u015f y\u0131llarda yer alan Etik Kurallarla ilgili maddeler 2020 y\u0131l\u0131nda a\u00e7\u0131klamalarla detayland\u0131r\u0131lm\u0131\u015f, ara\u015ft\u0131rma alan\u0131nda etik kurul izni gerektiren \u00e7al\u0131\u015fmalar i\u00e7in izinlerin al\u0131nd\u0131\u011f\u0131 varsay\u0131larak \u201cizinle ilgili bilgilere makalede yer verilmesi\u201d hususu kriterlere eklenmi\u015fti.<br><br>SORU: T\u00fcm makaleler i\u00e7in etik kurul izni gerekli midir?<br>Hay\u0131r. Kriterlerde de \u201cEtik Kurul \u0130zni gerektiren\u201d makaleler olarak belirtilmektedir.<br>Etik Kurul izni gerektiren ara\u015ft\u0131rmalar a\u015fa\u011f\u0131daki gibidir:<br>\u2022 Anket, m\u00fclakat, odak grup \u00e7al\u0131\u015fmas\u0131, g\u00f6zlem, deney, g\u00f6r\u00fc\u015fme teknikleri kullan\u0131larak kat\u0131l\u0131mc\u0131lardan veri toplanmas\u0131n\u0131 gerektiren nitel ya da nicel yakla\u015f\u0131mlarla y\u00fcr\u00fct\u00fclen her t\u00fcrl\u00fc ara\u015ft\u0131rmalar<br>\u2022 \u0130nsan ve hayvanlar\u0131n (materyal\/veriler dahil) deneysel ya da di\u011fer bilimsel ama\u00e7larla kullan\u0131lmas\u0131,<br>\u2022 \u0130nsanlar \u00fczerinde yap\u0131lan klinik ara\u015ft\u0131rmalar,<br>\u2022 Hayvanlar \u00fczerinde yap\u0131lan ara\u015ft\u0131rmalar,<br>\u2022 Ki\u015fisel verilerin korunmas\u0131 kanunu gere\u011fince retrospektif \u00e7al\u0131\u015fmalar,<br><br>Ayr\u0131ca;<br>\u2022 Olgu sunumlar\u0131nda \u201cAyd\u0131nlat\u0131lm\u0131\u015f onam formu\u201dnun al\u0131nd\u0131\u011f\u0131n\u0131n belirtilmesi,<br>\u2022 Ba\u015fkalar\u0131na ait \u00f6l\u00e7ek, anket, foto\u011fraflar\u0131n kullan\u0131m\u0131 i\u00e7in sahiplerinden izin al\u0131nmas\u0131 ve belirtilmesi,<br>\u2022 Kullan\u0131lan fikir ve sanat eserleri i\u00e7in telif haklar\u0131 d\u00fczenlemelerine uyuldu\u011funun belirtilmesi<br><br>SORU: Ge\u00e7mi\u015f y\u0131llarda tamamlanm\u0131\u015f \u00e7al\u0131\u015fma ve tezden \u00fcretilen yay\u0131nlar i\u00e7in geriye d\u00f6n\u00fck etik Kurul \u0130zni al\u0131nmal\u0131 m\u0131d\u0131r?<br>2020 y\u0131l\u0131 \u00f6ncesi ara\u015ft\u0131rma verileri kullan\u0131lm\u0131\u015f, y\u00fcksek lisans\/doktora \u00e7al\u0131\u015fmalar\u0131ndan \u00fcretilmi\u015f (makalede belirtilmelidir), bir \u00f6nceki y\u0131l dergiye yay\u0131n ba\u015fvurusunda bulunulmu\u015f, kabul edilmi\u015f ama hen\u00fcz yay\u0131mlanmam\u0131\u015f makaleler i\u00e7in geriye d\u00f6n\u00fck etik kurul izni gerekmemektedir.<br><br>SORU: TR Dizin\u2019in bu kurallar\u0131 ile \u00fcniversiteler d\u0131\u015f\u0131nda yap\u0131lan yay\u0131nlara k\u0131s\u0131t m\u0131 getirilmi\u015ftir ?<br>Hay\u0131r. \u00dcniversite mensubu olmayan ara\u015ft\u0131rmac\u0131lar da b\u00f6lgelerinde bulunan Etik Kurul\u2019lara ba\u015fvurabilmektedir.<br><br>Ayr\u0131ca;<br>Dergilerde yay\u0131mlanacak makalelerde etik kurul izini ve \/ veya yasal \/ \u00f6zel izin al\u0131nmas\u0131n\u0131n gerekip gerekmedi\u011fi makalede belirtilmi\u015f olmal\u0131d\u0131r. E\u011fer bu izinlerin al\u0131nmas\u0131 gerekli ise, iznin hangi kurumdan, hangi tarihte ve hangi karar veya say\u0131 numaras\u0131 ile al\u0131nd\u0131\u011f\u0131 a\u00e7\u0131k\u00e7a sunulmal\u0131d\u0131r.<br><br>\u00c7al\u0131\u015fma insan ve hayvan deneklerinin kullan\u0131m\u0131n\u0131 gerektiriyor ise \u00e7al\u0131\u015fman\u0131n uluslararas\u0131 deklerasyon, k\u0131lavuz vb. uygun ger\u00e7ekle\u015ftirildi\u011fi beyan edilmelidir.<br><br>&nbsp; &nbsp; &nbsp; &nbsp; &nbsp; &nbsp; &nbsp;<\/p>\n\n\n\n<p>&nbsp;&nbsp;<strong>&nbsp; B.&nbsp;Hakemler \u0130\u00e7in Etik \u0130lkeler<\/strong><br><br>1. Hakemler de\u011ferlendirme s\u00fcrecinin gizli oldu\u011funu ve \u00fc\u00e7\u00fcnc\u00fc ki\u015filerle payla\u015f\u0131lmamas\u0131 gerekti\u011fini bilmelidir.<br><br>2. Hakemler, belirlenen s\u00fcre i\u00e7erisinde \u00e7al\u0131\u015fma ile ilgili objektif, tarafs\u0131z, bilimsel, anla\u015f\u0131l\u0131r ve yap\u0131c\u0131 bir de\u011ferlendirme raporu sunmal\u0131d\u0131r.<br><br>3. Hakem raporlar\u0131, makalenin bilimsel niteli\u011fi (ele ald\u0131\u011f\u0131 konu, kullan\u0131lan y\u00f6ntem ya da ilgili literat\u00fcr\u00fcn uygun kullan\u0131m\u0131) ile ilgili de\u011ferlendirme de i\u00e7erecektir. Bu de\u011ferlendirme olumlu ya da olumsuz, i\u00e7erik hakk\u0131nda mutlaka yap\u0131lmal\u0131d\u0131r.<\/p>\n\n\n\n<p>4. Hakemin kendi \u00e7al\u0131\u015fmalar\u0131na at\u0131f yap\u0131lmas\u0131n\u0131 istemesi tavsiye edilmez ve etik olarak kabul edilmez.&nbsp; Hakemin \u00e7al\u0131\u015fmalar\u0131n\u0131n, incelemekte oldu\u011fu \u00e7al\u0131\u015fma ile ilgili olmas\u0131 durumunda 1 veya 2 \u00e7al\u0131\u015fmas\u0131n\u0131 belirtebilir, fakat belirtilen \u00e7al\u0131\u015fmalar tavsiye niteli\u011finde olup, belirtilen \u00e7al\u0131\u015fmalar\u0131 kullan\u0131p kullanmamak yazara ba\u011fl\u0131d\u0131r.&nbsp;<br><br>5. \u00c7al\u0131\u015fman\u0131n intihal oldu\u011fu ya da \u00f6nceden ba\u015fka bir yerde yay\u0131mland\u0131\u011f\u0131 anla\u015f\u0131lmas\u0131 \u00fczerine hakemler durumu edit\u00f6re bildirmelidir.<\/p>\n\n\n\n<p><strong>2 . Yay\u0131n Politikas\u0131<\/strong><\/p>\n\n\n\n<p>1. InTraders Uluslararas\u0131 Ticaret Dergisi (InTraders) uluslararas\u0131, hakemli ve bilimsel bir dergidir. A\u015fa\u011f\u0131da s\u0131ralanan yay\u0131n ilkeleri do\u011frultusunda yay\u0131m yapar.<\/p>\n\n\n\n<p><br>2. InTraders, bilimsel \u00e7al\u0131\u015fmalar\u0131n yay\u0131mlanabilece\u011fi bir platform olu\u015fturarak ulusal ve uluslararas\u0131 d\u00fczeyde bilimin geli\u015fimine katk\u0131 sa\u011flamay\u0131 ama\u00e7lar.<\/p>\n\n\n\n<p>3.InTraders; uluslararas\u0131 ticaret, iktisat, i\u015fletme, tedarik zinciri y\u00f6netim, hukuk uluslararas\u0131 ili\u015fkiler alanlar\u0131nda haz\u0131rlanm\u0131\u015f \u00f6zg\u00fcn bilimsel ara\u015ft\u0131rmalar, sunulmu\u015f kongre bildirileri, kitap incelemesi, edit\u00f6re mektup \u00e7al\u0131\u015fmalar\u0131n\u0131 yay\u0131mlar.<\/p>\n\n\n\n<p>4. InTraders, varsay\u0131lan dili \u0130ngilizce olup \u0130ngilizce ve T\u00fcrk\u00e7e dillerinde haz\u0131rlanm\u0131\u015f bilimsel \u00e7al\u0131\u015fmalar\u0131 yay\u0131mlar.<\/p>\n\n\n\n<p>5. InTraders, Yaz (Temmuz ay\u0131) ve Sonbahar (Aral\u0131k ay\u0131) d\u00f6nemlerinde olmak \u00fczere y\u0131lda iki kez elektronik olarak yay\u0131mlan\u0131r. Gerekli g\u00f6r\u00fcld\u00fc\u011f\u00fc takdirde \u00f6zel say\u0131 da yay\u0131mlar.<\/p>\n\n\n\n<p>6. InTraders, herhangi bir say\u0131 i\u00e7in makale kabul etmez. Dergiye her zaman makale g\u00f6nderilebilir.<\/p>\n\n\n\n<p>7. InTraders, T\u00dcB\u0130TAK ULAKB\u0130M DergiPark sistemini kullanarak yay\u0131m yapar. Makale ile ilgili t\u00fcm i\u015flemler DergiPark sistemi \u00fczerinden y\u00fcr\u00fct\u00fcl\u00fcr.<\/p>\n\n\n\n<p>8. InTraders, https:\/\/dergipark.org.tr\/tr\/pub\/intraders adresinden yay\u0131m yapar. Ayr\u0131ca kendi kongre sayfalar\u0131nda ar\u015fiv k\u0131m\u0131nda t\u00fcm say\u0131lar\u0131 a\u00e7\u0131k eri\u015fime \u00fccretsiz olarak sunar. https:\/\/www.intraders.org\/turkce\/<\/p>\n\n\n\n<p>9. InTraders\u2019a yay\u0131mlanmas\u0131 i\u00e7in de\u011ferlendirilmek \u00fczere g\u00f6nderilen makalenin daha \u00f6nce yurti\u00e7inde ve\/veya yurtd\u0131\u015f\u0131nda, T\u00fcrk\u00e7e veya ba\u015fka bir dilde hi\u00e7 bir yerde yay\u0131mlanmad\u0131\u011f\u0131, yay\u0131ma kabul edilmedi\u011fi ve yay\u0131mlanmak \u00fczere ba\u015fka bir dergiye g\u00f6nderilmedi\u011fini yazar\/yazarlar beyan ve taahh\u00fct ederler.<\/p>\n\n\n\n<p>10. Yazar\/yazarlar eserin telif hakk\u0131n\u0131 elinde tutar ve ilk yay\u0131mlama hakk\u0131n\u0131 InTraders\u2019a verir.<\/p>\n\n\n\n<p>11. InTraders\u2019da yay\u0131mlanan yaz\u0131lar\u0131n i\u00e7erikleriyle ilgili her t\u00fcrl\u00fc yasal ve bilimsel sorumluluk yazar\/yazarlara aittir.<\/p>\n\n\n\n<p>12. InTraders \u00e7al\u0131\u015fmalar i\u00e7in telif \u00fccreti \u00f6demez.<\/p>\n\n\n\n<p>13. InTraders yazarlardan hi\u00e7bir \u00fccret (ba\u015fvuru \u00fccreti, de\u011ferlendirme \u00fccreti, yay\u0131n \u00fccreti, masraf, vb.) veya ba\u015fka bir menfaat talep etmez.<br><br>14. InTraders yay\u0131mlanan yaz\u0131lardan kaynak g\u00f6sterilerek al\u0131nt\u0131 yap\u0131labilir.<\/p>\n\n\n\n<p>15. InTraders, dergide yer alan yaz\u0131lar\u0131n kaynak g\u00f6sterilerek okuyucular taraf\u0131ndan okunmas\u0131na, indirilmesine, kopyalanmas\u0131na, da\u011f\u0131t\u0131lmas\u0131na, yazd\u0131r\u0131lmas\u0131na ve herhangi bir yasal ama\u00e7la kullan\u0131lmas\u0131na izin verir.<\/p>\n\n\n\n<p>16. InTraders yay\u0131n eti\u011fine ayk\u0131r\u0131 yay\u0131n yapmamay\u0131 taahh\u00fct etmekte ve dergiye sunulan makalelerin tamam\u0131 edit\u00f6r taraf\u0131nca intihal\/benzerlik denetimine tabi tutar.<\/p>\n\n\n\n<p>17. InTraders g\u00f6nderilen makalenin dergi kapsam\u0131na girip girmedi\u011fi; sisteme do\u011fru\/eksiksiz y\u00fcklenip y\u00fcklenmedi\u011fi ve makale uygun olarak haz\u0131rlan\u0131p haz\u0131rlanmad\u0131\u011f\u0131 edit\u00f6rce kontrol edilir.<\/p>\n\n\n\n<p>18. InTraders \u00e7ift k\u00f6r hakem de\u011ferlendirme sistemi kullan\u0131l\u0131r. Makalenin yay\u0131na kabul\u00fc i\u00e7in en az iki hakemin \u201columlu\u201d g\u00f6r\u00fc\u015f\u00fc aran\u0131r. Hakemlerden biri \u201columlu\u201d, di\u011feri ise \u201columsuz\u201d g\u00f6r\u00fc\u015f bildirmesi durumunda makale \u00fc\u00e7\u00fcnc\u00fc bir hakeme g\u00f6nderilir. Edit\u00f6r iki \u201columlu\u201d hakem g\u00f6r\u00fc\u015f\u00fcn\u00fc Edit\u00f6rler Kurulu\u2019na g\u00f6ndererek hakem de\u011ferlendirme s\u00fcrecini tamamlar.<\/p>\n\n\n\n<p>19. \u0130ki \u201columlu\u201d hakem g\u00f6r\u00fc\u015f\u00fcne sahip t\u00fcm makalelerin yay\u0131mlanabilmesi i\u00e7in nihai karar\u0131 Edit\u00f6rler Kurulu verir.<\/p>\n\n\n\n<p>20. Yay\u0131na kabul edilen makaleler i\u00e7in yazar\u0131n talep etmesi halinde edit\u00f6rce imzalanm\u0131\u015f bir \u201cYay\u0131na Kabul Belgesi\u201d g\u00f6nderilir.<\/p>\n\n\n\n<p>21. Dergi internet sitesi \u00fczerinden payla\u015f\u0131lan isim, unvan ve e-posta adresleri gibi bilgileri sadece bu derginin belirtilen ama\u00e7lar\u0131 do\u011frultusunda kullan\u0131r; farkl\u0131 herhangi bir ama\u00e7 i\u00e7in kullanmaz veya di\u011fer ki\u015filerin kullan\u0131m\u0131na a\u00e7\u0131lmaz.<\/p>\n\n\n\n<p>22. InTraders, Budape\u015fte A\u00e7\u0131k Eri\u015fim Giri\u015fimi\u2019nde a\u00e7\u0131klanm\u0131\u015f A\u00e7\u0131k Eri\u015fim \u0130lklerini kabul eder. Dergi Budape\u015fte A\u00e7\u0131k Eri\u015fim Giri\u015fimi\u2019ni kabul etmi\u015ftir.<\/p>\n\n\n\n<p>23. InTraders, yay\u0131n eti\u011fini en y\u00fcksek standartlarda uygulamay\u0131 ve Yay\u0131nc\u0131l\u0131k Eti\u011fi Kurulu (COPE: Committee on Publication Ethics) taraf\u0131ndan haz\u0131rlanan uygulama rehberini izlemeyi taahh\u00fct eder.<\/p>\n\n\n\n<p>24. InTraders\u2019daki eserler Dergipak sistemi ile ar\u015fivlenir.<\/p>\n\n\n\n<p>25. InTraders, Creative Commons (CC) At\u0131f 4.0 Uluslararas\u0131 Lisans ile lisanslanm\u0131\u015ft\u0131r.<\/p>\n\n\n\n<p>Sorular, \u00f6neriler ve yorumlar\u0131n\u0131z i\u00e7in intradersorg@gmail.comadresi kullan\u0131labilir.<\/p>\n","protected":false},"excerpt":{"rendered":"<p>(InTraders) Etik \u0130lkeler ve Yay\u0131n Politikas\u0131 1. Genel Etik \u0130lkeler- Genel 1. Etik Kurul izni gerektiren \u00e7al\u0131\u015fmalar (anket ya da \u00f6l\u00e7ek uygulamay\u0131 gerektiren, g\u00f6r\u00fc\u015fme ve g\u00f6zlem i\u00e7eren; dok\u00fcman, resim, anket vb. di\u011ferleri taraf\u0131ndan geli\u015ftirilen ve kullan\u0131m izni gerektiren \u00e7al\u0131\u015fmalar) i\u00e7in etik kurullardan ya da komisyonlardan gerekli izinlerin al\u0131nmas\u0131, bunlar\u0131n makale i\u00e7eri\u011finde belirtilmesi ya da ek &#8230; <a title=\"Etik \u0130lkeler ve Yay\u0131n Politikas\u0131\" class=\"read-more\" href=\"https:\/\/www.intraders.org\/turkce\/etik-ilkeler-ve-yayin-politikasi\/\">Read more<\/a><\/p>\n","protected":false},"author":1,"featured_media":0,"parent":0,"menu_order":0,"comment_status":"closed","ping_status":"closed","template":"","meta":{"generate_page_header":"","footnotes":""},"class_list":["post-282","page","type-page","status-publish"],"_links":{"self":[{"href":"https:\/\/www.intraders.org\/turkce\/wp-json\/wp\/v2\/pages\/282","targetHints":{"allow":["GET"]}}],"collection":[{"href":"https:\/\/www.intraders.org\/turkce\/wp-json\/wp\/v2\/pages"}],"about":[{"href":"https:\/\/www.intraders.org\/turkce\/wp-json\/wp\/v2\/types\/page"}],"author":[{"embeddable":true,"href":"https:\/\/www.intraders.org\/turkce\/wp-json\/wp\/v2\/users\/1"}],"replies":[{"embeddable":true,"href":"https:\/\/www.intraders.org\/turkce\/wp-json\/wp\/v2\/comments?post=282"}],"version-history":[{"count":1,"href":"https:\/\/www.intraders.org\/turkce\/wp-json\/wp\/v2\/pages\/282\/revisions"}],"predecessor-version":[{"id":283,"href":"https:\/\/www.intraders.org\/turkce\/wp-json\/wp\/v2\/pages\/282\/revisions\/283"}],"wp:attachment":[{"href":"https:\/\/www.intraders.org\/turkce\/wp-json\/wp\/v2\/media?parent=282"}],"curies":[{"name":"wp","href":"https:\/\/api.w.org\/{rel}","templated":true}]}}