{"id":294,"date":"2026-02-09T16:05:26","date_gmt":"2026-02-09T14:05:26","guid":{"rendered":"https:\/\/www.intraders.org\/turkce\/?page_id=294"},"modified":"2026-02-09T18:03:01","modified_gmt":"2026-02-09T16:03:01","slug":"sonbahar-kongresi","status":"publish","type":"page","link":"https:\/\/www.intraders.org\/turkce\/sonbahar-kongresi\/","title":{"rendered":"Sonbahar Kongresi"},"content":{"rendered":"\n<p>InTraders y\u0131lda iki defa kongre d\u00fczenlenmektedir. \u0130lkbahar ve Sonbahar d\u00f6nemi olmak \u00fczere iki kongreden olu\u015fmaktad\u0131r.<\/p>\n\n\n\n<p>T\u00fcm kongre kitaplar\u0131 <strong>EBSCO ve Proquest Ebook<\/strong>&nbsp;veritaban\u0131nda taranmaktad\u0131r.<\/p>\n\n\n\n<p>Kongre tam metin kitaplar\u0131;&nbsp;<strong>Scopus<\/strong>&nbsp;ve&nbsp;<strong>Web of Science Conference Proceedings Citation Index<\/strong>\u2018e ba\u015fvurulmaktad\u0131r(Hen\u00fcz belirtilen indekslerde yer almamaktay\u0131z.)<\/p>\n\n\n\n<p>Sonbahar kongresi web sayfam\u0131z;\u00a0<strong><a href=\"https:\/\/www.intraders.org\/october\/\">www.intraders.org\/october<\/a><\/strong><\/p>\n\n\n\n<h1 class=\"wp-block-heading has-text-align-center\"><strong><a href=\"https:\/\/www.intraders.org\/october\/\">The 16th InTraders International Conference On Multidisciplinary Studies, 12-13 October 2026<\/a><\/strong><\/h1>\n\n\n\n<h3 class=\"wp-block-heading has-text-align-center\"><strong><mark>We are looking for a venue. For academic collaboration, do not hesitate to contact intradersoctober@gmail.com<\/mark><\/strong><\/h3>\n\n\n\n<p class=\"has-text-align-center\"><strong><mark>D\u00fczenledi\u011fimiz t\u00fcm kongreler<\/mark><\/strong>&nbsp;<strong><mark>akademik te\u015fvik ve do\u00e7entlik ba\u015fvuru kriterlerini sa\u011flam\u0131\u015ft\u0131r.<\/mark><\/strong><\/p>\n\n\n\n<p><\/p>\n","protected":false},"excerpt":{"rendered":"<p>InTraders y\u0131lda iki defa kongre d\u00fczenlenmektedir. \u0130lkbahar ve Sonbahar d\u00f6nemi olmak \u00fczere iki kongreden olu\u015fmaktad\u0131r. T\u00fcm kongre kitaplar\u0131 EBSCO ve Proquest Ebook&nbsp;veritaban\u0131nda taranmaktad\u0131r. Kongre tam metin kitaplar\u0131;&nbsp;Scopus&nbsp;ve&nbsp;Web of Science Conference Proceedings Citation Index\u2018e ba\u015fvurulmaktad\u0131r(Hen\u00fcz belirtilen indekslerde yer almamaktay\u0131z.) Sonbahar kongresi web sayfam\u0131z;\u00a0www.intraders.org\/october The 16th InTraders International Conference On Multidisciplinary Studies, 12-13 October 2026 We are &#8230; <a title=\"Sonbahar Kongresi\" class=\"read-more\" href=\"https:\/\/www.intraders.org\/turkce\/sonbahar-kongresi\/\">Read more<\/a><\/p>\n","protected":false},"author":1,"featured_media":0,"parent":0,"menu_order":0,"comment_status":"closed","ping_status":"closed","template":"","meta":{"generate_page_header":"","footnotes":""},"class_list":["post-294","page","type-page","status-publish"],"_links":{"self":[{"href":"https:\/\/www.intraders.org\/turkce\/wp-json\/wp\/v2\/pages\/294","targetHints":{"allow":["GET"]}}],"collection":[{"href":"https:\/\/www.intraders.org\/turkce\/wp-json\/wp\/v2\/pages"}],"about":[{"href":"https:\/\/www.intraders.org\/turkce\/wp-json\/wp\/v2\/types\/page"}],"author":[{"embeddable":true,"href":"https:\/\/www.intraders.org\/turkce\/wp-json\/wp\/v2\/users\/1"}],"replies":[{"embeddable":true,"href":"https:\/\/www.intraders.org\/turkce\/wp-json\/wp\/v2\/comments?post=294"}],"version-history":[{"count":4,"href":"https:\/\/www.intraders.org\/turkce\/wp-json\/wp\/v2\/pages\/294\/revisions"}],"predecessor-version":[{"id":341,"href":"https:\/\/www.intraders.org\/turkce\/wp-json\/wp\/v2\/pages\/294\/revisions\/341"}],"wp:attachment":[{"href":"https:\/\/www.intraders.org\/turkce\/wp-json\/wp\/v2\/media?parent=294"}],"curies":[{"name":"wp","href":"https:\/\/api.w.org\/{rel}","templated":true}]}}